{"id":27154,"date":"2024-08-23T09:14:37","date_gmt":"2024-08-23T07:14:37","guid":{"rendered":"https:\/\/capsafood.com\/?page_id=27154"},"modified":"2025-02-06T10:10:38","modified_gmt":"2025-02-06T09:10:38","slug":"communaute","status":"publish","type":"page","link":"https:\/\/capsa-food.gke.dev.thinkabit.es\/fr\/impact\/communaute\/","title":{"rendered":"Communaut\u00e9"},"content":{"rendered":"\t\t<div data-elementor-type=\"wp-page\" data-elementor-id=\"27154\" class=\"elementor elementor-27154 elementor-20942\" data-elementor-post-type=\"page\">\n\t\t\t\t<div class=\"elementor-element elementor-element-c116df4 e-con-full e-flex e-con e-parent\" data-id=\"c116df4\" data-element_type=\"container\" data-settings=\"{&quot;background_background&quot;:&quot;gradient&quot;,&quot;wcf_enable_cursor_hover_effect_text&quot;:&quot;View&quot;,&quot;wcf-animation&quot;:&quot;none&quot;,&quot;wcf_pin_breakpoint&quot;:&quot;mobile&quot;}\">\n\t\t<div class=\"elementor-element elementor-element-89a4a56 e-flex e-con-boxed e-con e-child\" data-id=\"89a4a56\" data-element_type=\"container\" data-settings=\"{&quot;background_background&quot;:&quot;classic&quot;,&quot;wcf_enable_cursor_hover_effect_text&quot;:&quot;View&quot;,&quot;wcf-animation&quot;:&quot;none&quot;,&quot;wcf_pin_breakpoint&quot;:&quot;mobile&quot;}\">\n\t\t\t\t\t<div class=\"e-con-inner\">\n\t\t\t\t\t<\/div>\n\t\t\t\t<\/div>\n\t\t\t\t<\/div>\n\t\t<div class=\"elementor-element elementor-element-cb1e013 e-flex e-con-boxed e-con e-child\" data-id=\"cb1e013\" data-element_type=\"container\" data-settings=\"{&quot;wcf_enable_cursor_hover_effect_text&quot;:&quot;View&quot;,&quot;wcf-animation&quot;:&quot;none&quot;,&quot;wcf_pin_breakpoint&quot;:&quot;mobile&quot;}\">\n\t\t\t\t\t<div class=\"e-con-inner\">\n\t\t\t\t<div class=\"elementor-element elementor-element-23d0fce wcf-t-animation-text_move elementor-widget__width-initial elementor-widget elementor-widget-wcf--title\" data-id=\"23d0fce\" data-element_type=\"widget\" data-settings=\"{&quot;wcf_text_animation&quot;:&quot;text_move&quot;,&quot;text_transform_origin&quot;:&quot;top center -50&quot;,&quot;text_delay&quot;:0.15,&quot;text_stagger&quot;:0.02,&quot;text_on_scroll&quot;:&quot;yes&quot;,&quot;text_rotation_di&quot;:&quot;x&quot;,&quot;text_rotation&quot;:&quot;-80&quot;,&quot;wcf-animation&quot;:&quot;none&quot;}\" data-widget_type=\"wcf--title.default\">\n\t\t\t\t<div class=\"elementor-widget-container\">\n\t\t\t<p class=\"wcf--title\">Nous soutenons nos \u00e9leveurs.<\/p>\t\t<\/div>\n\t\t\t\t<\/div>\n\t\t\t\t<div class=\"elementor-element elementor-element-7c696b2 wcf-t-animation-text_move elementor-widget-mobile__width-inherit elementor-widget__width-initial elementor-widget elementor-widget-wcf--text\" data-id=\"7c696b2\" data-element_type=\"widget\" data-settings=\"{&quot;wcf_text_animation&quot;:&quot;text_move&quot;,&quot;text_transform_origin&quot;:&quot;top center -50&quot;,&quot;text_delay&quot;:0.15,&quot;text_stagger&quot;:0.02,&quot;text_on_scroll&quot;:&quot;yes&quot;,&quot;text_rotation_di&quot;:&quot;x&quot;,&quot;text_rotation&quot;:&quot;-80&quot;,&quot;wcf-animation&quot;:&quot;none&quot;}\" data-widget_type=\"wcf--text.default\">\n\t\t\t\t<div class=\"elementor-widget-container\">\n\t\t\t<div class=\"wcf--text\"><p>Nous d\u00e9fendons le secteur primaire et l&rsquo;environnement rural en contribuant au d\u00e9veloppement \u00e9conomique et social du territoire.<\/p><\/div>\t\t<\/div>\n\t\t\t\t<\/div>\n\t\t\t\t\t<\/div>\n\t\t\t\t<\/div>\n\t\t<div class=\"elementor-element elementor-element-6b46e8f e-flex e-con-boxed e-con e-parent\" data-id=\"6b46e8f\" data-element_type=\"container\" data-settings=\"{&quot;wcf_enable_cursor_hover_effect_text&quot;:&quot;View&quot;,&quot;wcf-animation&quot;:&quot;none&quot;,&quot;wcf_pin_breakpoint&quot;:&quot;mobile&quot;}\">\n\t\t\t\t\t<div class=\"e-con-inner\">\n\t\t\t\t<div class=\"elementor-element elementor-element-c9ffb24 wcf-t-animation-text_move elementor-widget elementor-widget-wcf--title\" data-id=\"c9ffb24\" data-element_type=\"widget\" data-settings=\"{&quot;wcf_text_animation&quot;:&quot;text_move&quot;,&quot;text_transform_origin&quot;:&quot;top center -50&quot;,&quot;text_delay&quot;:0.15,&quot;text_stagger&quot;:0.02,&quot;text_on_scroll&quot;:&quot;yes&quot;,&quot;text_rotation_di&quot;:&quot;x&quot;,&quot;text_rotation&quot;:&quot;-80&quot;,&quot;wcf-animation&quot;:&quot;none&quot;}\" data-widget_type=\"wcf--title.default\">\n\t\t\t\t<div class=\"elementor-widget-container\">\n\t\t\t<p class=\"wcf--title\">Nous offrons un avenir aux \u00e9leveurs en soutenant le secteur primaire et le monde rural.<\/p>\t\t<\/div>\n\t\t\t\t<\/div>\n\t\t\t\t\t<\/div>\n\t\t\t\t<\/div>\n\t\t<div class=\"elementor-element elementor-element-b3390f6 e-flex e-con-boxed e-con e-parent\" data-id=\"b3390f6\" data-element_type=\"container\" data-settings=\"{&quot;wcf_enable_cursor_hover_effect_text&quot;:&quot;View&quot;,&quot;wcf-animation&quot;:&quot;fade&quot;,&quot;on-scroll&quot;:&quot;1&quot;,&quot;delay&quot;:0.15,&quot;fade-from&quot;:&quot;top&quot;,&quot;data-duration&quot;:1.5,&quot;ease&quot;:&quot;power2.out&quot;,&quot;fade-offset&quot;:50,&quot;wcf_pin_breakpoint&quot;:&quot;mobile&quot;}\">\n\t\t\t\t\t<div class=\"e-con-inner\">\n\t\t<div class=\"elementor-element elementor-element-96440a5 e-con-full e-flex e-con e-child\" data-id=\"96440a5\" data-element_type=\"container\" data-settings=\"{&quot;background_background&quot;:&quot;classic&quot;,&quot;wcf_enable_cursor_hover_effect_text&quot;:&quot;View&quot;,&quot;wcf-animation&quot;:&quot;none&quot;,&quot;wcf_pin_breakpoint&quot;:&quot;mobile&quot;}\">\n\t\t\t\t<\/div>\n\t\t<div class=\"elementor-element elementor-element-876c534 e-con-full e-flex e-con e-child\" data-id=\"876c534\" data-element_type=\"container\" data-settings=\"{&quot;wcf_enable_cursor_hover_effect_text&quot;:&quot;View&quot;,&quot;background_background&quot;:&quot;classic&quot;,&quot;wcf-animation&quot;:&quot;none&quot;,&quot;wcf_pin_breakpoint&quot;:&quot;mobile&quot;}\">\n\t\t\t\t<div class=\"elementor-element elementor-element-306caa4 empleador elementor-widget elementor-widget-wcf--testimonial\" data-id=\"306caa4\" data-element_type=\"widget\" data-settings=\"{&quot;wcf-animation&quot;:&quot;none&quot;}\" data-widget_type=\"wcf--testimonial.default\">\n\t\t\t\t<div class=\"elementor-widget-container\">\n\t\t\t\t\t<div class=\"wcf__t_slider-wrapper wcf__testimonial style-6\" data-settings=\"{&quot;loop&quot;:&quot;true&quot;,&quot;speed&quot;:500,&quot;allowTouchMove&quot;:&quot;false&quot;,&quot;slidesPerView&quot;:&quot;auto&quot;,&quot;spaceBetween&quot;:20,&quot;autoplay&quot;:{&quot;delay&quot;:3000,&quot;disableOnInteraction&quot;:&quot;true&quot;},&quot;navigation&quot;:{&quot;nextEl&quot;:&quot;.elementor-element-306caa4 .wcf-arrow-next&quot;,&quot;prevEl&quot;:&quot;.elementor-element-306caa4 .wcf-arrow-prev&quot;},&quot;breakpoints&quot;:{&quot;767&quot;:{&quot;slidesPerView&quot;:&quot;auto&quot;},&quot;880&quot;:{&quot;slidesPerView&quot;:&quot;auto&quot;},&quot;1024&quot;:{&quot;slidesPerView&quot;:&quot;auto&quot;},&quot;1200&quot;:{&quot;slidesPerView&quot;:&quot;auto&quot;},&quot;1366&quot;:{&quot;slidesPerView&quot;:&quot;auto&quot;},&quot;2400&quot;:{&quot;slidesPerView&quot;:&quot;auto&quot;}}}\">\n\n\t\t\t<div class=\"wcf__slider swiper\" dir=\"ltr\" style=\"position: static\">\n\t\t\t\t<div class=\"swiper-wrapper\">\n\t\t\t\t\t\t\t\t\t\t\t\t\t\t\t\t\t<div class=\"swiper-slide\">\n\t\t\t\t\t\t\t<div class=\"slide\">\n\t\t\t\t\t\t\t\t<div class=\"image\">\n\t\t\t\t\t\t\t\t\t<a href=\"\/fr\/services-label-de-garantie-delevage\/\"><img decoding=\"async\" class=\"swiper-slide-image\" src=\"https:\/\/capsa-food.gke.dev.thinkabit.es\/wp-content\/uploads\/2024\/08\/Sello-garantia-ganadera.webp\" alt=\"Sello garantia ganadera\" \/><\/a>\t\t\t\t\t\t\t\t<\/div>\n\t\t\t\t\t\t\t\t<div class=\"feedback\">\n\t\t\t\t\t\t\t\t\t<h2>Label de Garantie d\u2019\u00c9levage<\/h2>\n\nLa certification \u00ab Gesti\u00f3n de Servicios Agrarios \u00bb \u00e9mise par SGS, leader mondial en inspection, v\u00e9rification, analyse et certification, Central Lechera Asturiana SAT (actionnaire majoritaire de CAPSA FOOD) garantit un \u00e9ventail complet de services agricoles uniques en Espagne. Cette certification a \u00e9t\u00e9 renouvel\u00e9e et \u00e9tendue en 2019, 2020, 2021 et 2022.<\/b>\t\t\t\t\t\t\t\t<\/div>\n\t\t\t\t\t\t\t\t\t\t\t\t\t\t\t\t\t<a class=\"name\" href=\"\/fr\/services-label-de-garantie-delevage\/\">Services Label de Garantie d\u2019\u00c9levage.<\/a>\n\t\t\t\t\t\t\t\t\t\t\t\t\t\t\t\t<div class=\"designation\"><\/div>\n\t\t\t\t\t\t\t<\/div>\n\t\t\t\t\t\t<\/div>\n\t\t\t\t\t\t\t\t\t\t\t\t\t\t\t\t\t<div class=\"swiper-slide\">\n\t\t\t\t\t\t\t<div class=\"slide\">\n\t\t\t\t\t\t\t\t<div class=\"image\">\n\t\t\t\t\t\t\t\t\t<a href=\"https:\/\/leitelarsa.es\/productos\/leche-de-pastoreo-larsa\" target=\"_blank\"><img decoding=\"async\" class=\"swiper-slide-image\" src=\"https:\/\/capsa-food.gke.dev.thinkabit.es\/wp-content\/uploads\/2024\/10\/Larsa-Leite-de-pastoreo.webp\" alt=\"Larsa-Leite-de-pastoreo\" \/><\/a>\t\t\t\t\t\t\t\t<\/div>\n\t\t\t\t\t\t\t\t<div class=\"feedback\">\n\t\t\t\t\t\t\t\t\t<h2>Lait de p\u00e2turage <\/h2>\n\nLARSA a \u00e9t\u00e9 la premi\u00e8re marque \u00e0 recevoir la certification de SGS comme Lait de p\u00e2turage, ce qui garantit que les \u00e9leveurs de LARSA laissent leurs vaches au moins deux heures par jour \u00e0 l'air libre pour respecter le manuel de la certification et le rythme naturel de la terre et des animaux.\t\t\t\t\t\t\t\t<\/div>\n\t\t\t\t\t\t\t\t\t\t\t\t\t\t\t\t\t<a class=\"name\" href=\"https:\/\/leitelarsa.es\/productos\/leche-de-pastoreo-larsa\" target=\"_blank\">Pour plus d'informations.<\/a>\n\t\t\t\t\t\t\t\t\t\t\t\t\t\t\t\t<div class=\"designation\"><\/div>\n\t\t\t\t\t\t\t<\/div>\n\t\t\t\t\t\t<\/div>\n\t\t\t\t\t\t\t\t\t\t\t\t\t\t\t\t\t<div class=\"swiper-slide\">\n\t\t\t\t\t\t\t<div class=\"slide\">\n\t\t\t\t\t\t\t\t<div class=\"image\">\n\t\t\t\t\t\t\t\t\t<a href=\"https:\/\/www.ato.cat\/benestar-animal\/\" target=\"_blank\"><img decoding=\"async\" class=\"swiper-slide-image\" src=\"https:\/\/capsa-food.gke.dev.thinkabit.es\/wp-content\/uploads\/2024\/08\/ATO-y-AENOR.webp\" alt=\"ATO y AENOR\" \/><\/a>\t\t\t\t\t\t\t\t<\/div>\n\t\t\t\t\t\t\t\t<div class=\"feedback\">\n\t\t\t\t\t\t\t\t\t<h2>ATO Bien-\u00eatre animal<\/h2>\n\nNos fermes ATO ont \u00e9t\u00e9 les premi\u00e8res \u00e0 obtenir le Certificat de Bien-\u00eatre Animal bas\u00e9 sur Welfare Quality\u00ae en 2014, qui certifie que nous prenons soin de nos vaches et que nous leur garantissons les meilleurs soins possibles en alimentation, sant\u00e9 et confort.\t\t\t\t\t\t\t\t<\/div>\n\t\t\t\t\t\t\t\t\t\t\t\t\t\t\t\t\t<a class=\"name\" href=\"https:\/\/www.ato.cat\/benestar-animal\/\" target=\"_blank\">Pour plus d'informations.<\/a>\n\t\t\t\t\t\t\t\t\t\t\t\t\t\t\t\t<div class=\"designation\"><\/div>\n\t\t\t\t\t\t\t<\/div>\n\t\t\t\t\t\t<\/div>\n\t\t\t\t\t\t\t\t\t<\/div>\n\t\t\t<\/div>\n\n\t\t\t<!-- navigation and pagination -->\n\t\t\t\t\t\t\t\t\t\t\t\t<div class=\"ts-navigation\">\n\t\t\t\t\t\t<div class=\"wcf-arrow wcf-arrow-prev\" role=\"button\" tabindex=\"0\">\n\t\t\t\t\t\t\t<svg xmlns=\"http:\/\/www.w3.org\/2000\/svg\" width=\"60\" height=\"61\" viewBox=\"0 0 60 61\" fill=\"none\"><rect x=\"0.5\" y=\"0.790039\" width=\"59\" height=\"59\" rx=\"29.5\" stroke=\"#B9B9B9\"><\/rect><path d=\"M31.0312 36.2275L30.3438 36.915C30.0312 37.1963 29.5625 37.1963 29.2812 36.915L23.2188 30.8213C22.9062 30.54 22.9062 30.0713 23.2188 29.79L29.2812 23.6963C29.5625 23.415 30.0625 23.415 30.3438 23.6963L31.0312 24.3838C31.3438 24.6963 31.3125 25.165 31.0312 25.4775L27.25 29.04H36.25C36.6562 29.04 37 29.3838 37 29.79V30.79C37 31.2275 36.6562 31.54 36.25 31.54H27.25L31.0312 35.1338C31.3125 35.4463 31.3438 35.915 31.0312 36.2275Z\" fill=\"#B9B9B9\"><\/path><\/svg>\t\t\t\t\t\t<\/div>\n\t\t\t\t\t\t<div class=\"wcf-arrow wcf-arrow-next\" role=\"button\" tabindex=\"0\">\n\t\t\t\t\t\t\t<svg xmlns=\"http:\/\/www.w3.org\/2000\/svg\" width=\"60\" height=\"61\" viewBox=\"0 0 60 61\" fill=\"none\"><rect x=\"0.5\" y=\"0.790039\" width=\"59\" height=\"59\" rx=\"29.5\" stroke=\"#B9B9B9\"><\/rect><path d=\"M28.9375 24.3838L29.625 23.6963C29.9375 23.415 30.4062 23.415 30.6875 23.6963L36.7812 29.7588C37.0625 30.0713 37.0625 30.54 36.7812 30.8213L30.6875 36.915C30.4062 37.1963 29.9375 37.1963 29.625 36.915L28.9375 36.2275C28.6562 35.915 28.6562 35.4463 28.9375 35.1338L32.7188 31.54H23.75C23.3125 31.54 23 31.2275 23 30.79V29.79C23 29.3838 23.3125 29.04 23.75 29.04H32.7188L28.9375 25.4775C28.6562 25.165 28.625 24.6963 28.9375 24.3838Z\" fill=\"#B9B9B9\"><\/path><\/svg>\t\t\t\t\t\t<\/div>\n\t\t\t\t\t<\/div>\n\t\t\t\t\n\t\t\t\t\t\t\t\t\t<\/div>\n\t\t\t\t<\/div>\n\t\t\t\t<\/div>\n\t\t\t\t<\/div>\n\t\t\t\t\t<\/div>\n\t\t\t\t<\/div>\n\t\t\t\t<\/div>\n\t\t","protected":false},"excerpt":{"rendered":"<p>Nous soutenons nos \u00e9leveurs. Nous d\u00e9fendons le secteur primaire et l&#8217;environnement rural en contribuant au d\u00e9veloppement \u00e9conomique et social du territoire. Nous offrons un avenir aux \u00e9leveurs en soutenant le secteur primaire et le monde rural. Label de Garantie d\u2019\u00c9levage La certification \u00ab Gesti\u00f3n de Servicios Agrarios \u00bb \u00e9mise par SGS, leader mondial en inspection, [&hellip;]<\/p>\n","protected":false},"author":1,"featured_media":0,"parent":27132,"menu_order":0,"comment_status":"closed","ping_status":"closed","template":"elementor_header_footer","meta":{"footnotes":""},"class_list":["post-27154","page","type-page","status-publish","hentry"],"yoast_head":"<!-- This site is optimized with the Yoast SEO plugin v24.0 - https:\/\/yoast.com\/wordpress\/plugins\/seo\/ -->\n<title>Communaut\u00e9 - CAPSA FOOD<\/title>\n<meta name=\"robots\" content=\"index, follow, max-snippet:-1, max-image-preview:large, max-video-preview:-1\" \/>\n<link rel=\"canonical\" href=\"https:\/\/capsa-food.gke.dev.thinkabit.es\/fr\/impact\/communaute\/\" \/>\n<meta property=\"og:locale\" content=\"fr_FR\" \/>\n<meta property=\"og:type\" content=\"article\" \/>\n<meta property=\"og:title\" content=\"Communaut\u00e9 - CAPSA FOOD\" \/>\n<meta property=\"og:description\" content=\"Nous soutenons nos \u00e9leveurs. Nous d\u00e9fendons le secteur primaire et l&#8217;environnement rural en contribuant au d\u00e9veloppement \u00e9conomique et social du territoire. Nous offrons un avenir aux \u00e9leveurs en soutenant le secteur primaire et le monde rural. Label de Garantie d\u2019\u00c9levage La certification \u00ab Gesti\u00f3n de Servicios Agrarios \u00bb \u00e9mise par SGS, leader mondial en inspection, [&hellip;]\" \/>\n<meta property=\"og:url\" content=\"https:\/\/capsa-food.gke.dev.thinkabit.es\/fr\/impact\/communaute\/\" \/>\n<meta property=\"og:site_name\" content=\"CAPSA FOOD\" \/>\n<meta property=\"article:modified_time\" content=\"2025-02-06T09:10:38+00:00\" \/>\n<meta property=\"og:image\" content=\"https:\/\/grupo-cla.gke.dev.thinkabit.es\/wp-content\/uploads\/2024\/08\/Sello-garantia-ganadera.webp\" \/>\n<meta name=\"twitter:card\" content=\"summary_large_image\" \/>\n<meta name=\"twitter:label1\" content=\"Dur\u00e9e de lecture estim\u00e9e\" \/>\n\t<meta name=\"twitter:data1\" content=\"5 minutes\" \/>\n<script type=\"application\/ld+json\" class=\"yoast-schema-graph\">{\"@context\":\"https:\/\/schema.org\",\"@graph\":[{\"@type\":\"WebPage\",\"@id\":\"https:\/\/capsa-food.gke.dev.thinkabit.es\/fr\/impact\/communaute\/\",\"url\":\"https:\/\/capsa-food.gke.dev.thinkabit.es\/fr\/impact\/communaute\/\",\"name\":\"Communaut\u00e9 - CAPSA FOOD\",\"isPartOf\":{\"@id\":\"\/#website\"},\"primaryImageOfPage\":{\"@id\":\"https:\/\/capsa-food.gke.dev.thinkabit.es\/fr\/impact\/communaute\/#primaryimage\"},\"image\":{\"@id\":\"https:\/\/capsa-food.gke.dev.thinkabit.es\/fr\/impact\/communaute\/#primaryimage\"},\"thumbnailUrl\":\"https:\/\/grupo-cla.gke.dev.thinkabit.es\/wp-content\/uploads\/2024\/08\/Sello-garantia-ganadera.webp\",\"datePublished\":\"2024-08-23T07:14:37+00:00\",\"dateModified\":\"2025-02-06T09:10:38+00:00\",\"breadcrumb\":{\"@id\":\"https:\/\/capsa-food.gke.dev.thinkabit.es\/fr\/impact\/communaute\/#breadcrumb\"},\"inLanguage\":\"fr-FR\",\"potentialAction\":[{\"@type\":\"ReadAction\",\"target\":[\"https:\/\/capsa-food.gke.dev.thinkabit.es\/fr\/impact\/communaute\/\"]}]},{\"@type\":\"ImageObject\",\"inLanguage\":\"fr-FR\",\"@id\":\"https:\/\/capsa-food.gke.dev.thinkabit.es\/fr\/impact\/communaute\/#primaryimage\",\"url\":\"https:\/\/grupo-cla.gke.dev.thinkabit.es\/wp-content\/uploads\/2024\/08\/Sello-garantia-ganadera.webp\",\"contentUrl\":\"https:\/\/grupo-cla.gke.dev.thinkabit.es\/wp-content\/uploads\/2024\/08\/Sello-garantia-ganadera.webp\"},{\"@type\":\"BreadcrumbList\",\"@id\":\"https:\/\/capsa-food.gke.dev.thinkabit.es\/fr\/impact\/communaute\/#breadcrumb\",\"itemListElement\":[{\"@type\":\"ListItem\",\"position\":1,\"name\":\"Portada\",\"item\":\"https:\/\/capsa-food.gke.dev.thinkabit.es\/fr\/\"},{\"@type\":\"ListItem\",\"position\":2,\"name\":\"Impact\",\"item\":\"https:\/\/capsa-food.gke.dev.thinkabit.es\/fr\/impact\/\"},{\"@type\":\"ListItem\",\"position\":3,\"name\":\"Communaut\u00e9\"}]},{\"@type\":\"WebSite\",\"@id\":\"\/#website\",\"url\":\"\/\",\"name\":\"CAPSA FOOD\",\"description\":\"\",\"publisher\":{\"@id\":\"\/#organization\"},\"potentialAction\":[{\"@type\":\"SearchAction\",\"target\":{\"@type\":\"EntryPoint\",\"urlTemplate\":\"\/?s={search_term_string}\"},\"query-input\":{\"@type\":\"PropertyValueSpecification\",\"valueRequired\":true,\"valueName\":\"search_term_string\"}}],\"inLanguage\":\"fr-FR\"},{\"@type\":\"Organization\",\"@id\":\"\/#organization\",\"name\":\"CAPSA FOOD\",\"url\":\"\/\",\"logo\":{\"@type\":\"ImageObject\",\"inLanguage\":\"fr-FR\",\"@id\":\"\/#\/schema\/logo\/image\/\",\"url\":\"https:\/\/grupo-cla.gke.dev.thinkabit.es\/wp-content\/uploads\/2024\/06\/Logo-Color-2.svg\",\"contentUrl\":\"https:\/\/grupo-cla.gke.dev.thinkabit.es\/wp-content\/uploads\/2024\/06\/Logo-Color-2.svg\",\"width\":236,\"height\":101,\"caption\":\"CAPSA FOOD\"},\"image\":{\"@id\":\"\/#\/schema\/logo\/image\/\"}}]}<\/script>\n<!-- \/ Yoast SEO plugin. -->","yoast_head_json":{"title":"Communaut\u00e9 - CAPSA FOOD","robots":{"index":"index","follow":"follow","max-snippet":"max-snippet:-1","max-image-preview":"max-image-preview:large","max-video-preview":"max-video-preview:-1"},"canonical":"https:\/\/capsa-food.gke.dev.thinkabit.es\/fr\/impact\/communaute\/","og_locale":"fr_FR","og_type":"article","og_title":"Communaut\u00e9 - CAPSA FOOD","og_description":"Nous soutenons nos \u00e9leveurs. Nous d\u00e9fendons le secteur primaire et l&#8217;environnement rural en contribuant au d\u00e9veloppement \u00e9conomique et social du territoire. Nous offrons un avenir aux \u00e9leveurs en soutenant le secteur primaire et le monde rural. Label de Garantie d\u2019\u00c9levage La certification \u00ab Gesti\u00f3n de Servicios Agrarios \u00bb \u00e9mise par SGS, leader mondial en inspection, [&hellip;]","og_url":"https:\/\/capsa-food.gke.dev.thinkabit.es\/fr\/impact\/communaute\/","og_site_name":"CAPSA FOOD","article_modified_time":"2025-02-06T09:10:38+00:00","og_image":[{"url":"https:\/\/grupo-cla.gke.dev.thinkabit.es\/wp-content\/uploads\/2024\/08\/Sello-garantia-ganadera.webp","type":"","width":"","height":""}],"twitter_card":"summary_large_image","twitter_misc":{"Dur\u00e9e de lecture estim\u00e9e":"5 minutes"},"schema":{"@context":"https:\/\/schema.org","@graph":[{"@type":"WebPage","@id":"https:\/\/capsa-food.gke.dev.thinkabit.es\/fr\/impact\/communaute\/","url":"https:\/\/capsa-food.gke.dev.thinkabit.es\/fr\/impact\/communaute\/","name":"Communaut\u00e9 - CAPSA FOOD","isPartOf":{"@id":"\/#website"},"primaryImageOfPage":{"@id":"https:\/\/capsa-food.gke.dev.thinkabit.es\/fr\/impact\/communaute\/#primaryimage"},"image":{"@id":"https:\/\/capsa-food.gke.dev.thinkabit.es\/fr\/impact\/communaute\/#primaryimage"},"thumbnailUrl":"https:\/\/grupo-cla.gke.dev.thinkabit.es\/wp-content\/uploads\/2024\/08\/Sello-garantia-ganadera.webp","datePublished":"2024-08-23T07:14:37+00:00","dateModified":"2025-02-06T09:10:38+00:00","breadcrumb":{"@id":"https:\/\/capsa-food.gke.dev.thinkabit.es\/fr\/impact\/communaute\/#breadcrumb"},"inLanguage":"fr-FR","potentialAction":[{"@type":"ReadAction","target":["https:\/\/capsa-food.gke.dev.thinkabit.es\/fr\/impact\/communaute\/"]}]},{"@type":"ImageObject","inLanguage":"fr-FR","@id":"https:\/\/capsa-food.gke.dev.thinkabit.es\/fr\/impact\/communaute\/#primaryimage","url":"https:\/\/grupo-cla.gke.dev.thinkabit.es\/wp-content\/uploads\/2024\/08\/Sello-garantia-ganadera.webp","contentUrl":"https:\/\/grupo-cla.gke.dev.thinkabit.es\/wp-content\/uploads\/2024\/08\/Sello-garantia-ganadera.webp"},{"@type":"BreadcrumbList","@id":"https:\/\/capsa-food.gke.dev.thinkabit.es\/fr\/impact\/communaute\/#breadcrumb","itemListElement":[{"@type":"ListItem","position":1,"name":"Portada","item":"https:\/\/capsa-food.gke.dev.thinkabit.es\/fr\/"},{"@type":"ListItem","position":2,"name":"Impact","item":"https:\/\/capsa-food.gke.dev.thinkabit.es\/fr\/impact\/"},{"@type":"ListItem","position":3,"name":"Communaut\u00e9"}]},{"@type":"WebSite","@id":"\/#website","url":"\/","name":"CAPSA FOOD","description":"","publisher":{"@id":"\/#organization"},"potentialAction":[{"@type":"SearchAction","target":{"@type":"EntryPoint","urlTemplate":"\/?s={search_term_string}"},"query-input":{"@type":"PropertyValueSpecification","valueRequired":true,"valueName":"search_term_string"}}],"inLanguage":"fr-FR"},{"@type":"Organization","@id":"\/#organization","name":"CAPSA FOOD","url":"\/","logo":{"@type":"ImageObject","inLanguage":"fr-FR","@id":"\/#\/schema\/logo\/image\/","url":"https:\/\/grupo-cla.gke.dev.thinkabit.es\/wp-content\/uploads\/2024\/06\/Logo-Color-2.svg","contentUrl":"https:\/\/grupo-cla.gke.dev.thinkabit.es\/wp-content\/uploads\/2024\/06\/Logo-Color-2.svg","width":236,"height":101,"caption":"CAPSA FOOD"},"image":{"@id":"\/#\/schema\/logo\/image\/"}}]}},"_links":{"self":[{"href":"https:\/\/capsa-food.gke.dev.thinkabit.es\/fr\/wp-json\/wp\/v2\/pages\/27154","targetHints":{"allow":["GET"]}}],"collection":[{"href":"https:\/\/capsa-food.gke.dev.thinkabit.es\/fr\/wp-json\/wp\/v2\/pages"}],"about":[{"href":"https:\/\/capsa-food.gke.dev.thinkabit.es\/fr\/wp-json\/wp\/v2\/types\/page"}],"author":[{"embeddable":true,"href":"https:\/\/capsa-food.gke.dev.thinkabit.es\/fr\/wp-json\/wp\/v2\/users\/1"}],"replies":[{"embeddable":true,"href":"https:\/\/capsa-food.gke.dev.thinkabit.es\/fr\/wp-json\/wp\/v2\/comments?post=27154"}],"version-history":[{"count":0,"href":"https:\/\/capsa-food.gke.dev.thinkabit.es\/fr\/wp-json\/wp\/v2\/pages\/27154\/revisions"}],"up":[{"embeddable":true,"href":"https:\/\/capsa-food.gke.dev.thinkabit.es\/fr\/wp-json\/wp\/v2\/pages\/27132"}],"wp:attachment":[{"href":"https:\/\/capsa-food.gke.dev.thinkabit.es\/fr\/wp-json\/wp\/v2\/media?parent=27154"}],"curies":[{"name":"wp","href":"https:\/\/api.w.org\/{rel}","templated":true}]}}