{"id":27401,"date":"2024-07-25T11:51:19","date_gmt":"2024-07-25T09:51:19","guid":{"rendered":"https:\/\/capsafood.com\/?page_id=27401"},"modified":"2025-02-06T08:21:50","modified_gmt":"2025-02-06T07:21:50","slug":"canal-ethique","status":"publish","type":"page","link":"https:\/\/capsa-food.gke.dev.thinkabit.es\/fr\/qui-sommes-nous\/canal-ethique\/","title":{"rendered":"Canal \u00e9thique"},"content":{"rendered":"\t\t<div data-elementor-type=\"wp-page\" data-elementor-id=\"27401\" class=\"elementor elementor-27401 elementor-19283\" data-elementor-post-type=\"page\">\n\t\t\t\t<div class=\"elementor-element elementor-element-7c4c542 e-con-full e-flex e-con e-parent\" data-id=\"7c4c542\" data-element_type=\"container\" data-settings=\"{&quot;background_background&quot;:&quot;gradient&quot;,&quot;wcf_enable_cursor_hover_effect_text&quot;:&quot;View&quot;,&quot;wcf-animation&quot;:&quot;none&quot;,&quot;wcf_pin_breakpoint&quot;:&quot;mobile&quot;}\">\n\t\t<div class=\"elementor-element elementor-element-35f7a17 e-flex e-con-boxed e-con e-child\" data-id=\"35f7a17\" data-element_type=\"container\" data-settings=\"{&quot;background_background&quot;:&quot;classic&quot;,&quot;wcf_enable_cursor_hover_effect_text&quot;:&quot;View&quot;,&quot;wcf-animation&quot;:&quot;none&quot;,&quot;wcf_pin_breakpoint&quot;:&quot;mobile&quot;}\">\n\t\t\t\t\t<div class=\"e-con-inner\">\n\t\t\t\t<div class=\"elementor-element elementor-element-68f41dd wcf-t-animation-text_move elementor-widget elementor-widget-wcf--title\" data-id=\"68f41dd\" data-element_type=\"widget\" data-settings=\"{&quot;wcf_text_animation&quot;:&quot;text_move&quot;,&quot;text_transform_origin&quot;:&quot;top center -50&quot;,&quot;text_delay&quot;:0.15,&quot;text_stagger&quot;:0.02,&quot;text_on_scroll&quot;:&quot;yes&quot;,&quot;text_rotation_di&quot;:&quot;x&quot;,&quot;text_rotation&quot;:&quot;-80&quot;,&quot;wcf-animation&quot;:&quot;none&quot;}\" data-widget_type=\"wcf--title.default\">\n\t\t\t\t<div class=\"elementor-widget-container\">\n\t\t\t<p class=\"wcf--title\">Le Canal \u00e9thique, notre outil de pr\u00e9vention et de d\u00e9tection des inconformit\u00e9s est mis \u00e0 disposition des membres du personnel de CAPSA FOOD et de tierces personnes.<\/p>\t\t<\/div>\n\t\t\t\t<\/div>\n\t\t\t\t<div class=\"elementor-element elementor-element-d8008e0 wcf-t-animation-text_move elementor-widget-mobile__width-inherit elementor-widget__width-inherit elementor-widget elementor-widget-wcf--text\" data-id=\"d8008e0\" data-element_type=\"widget\" data-settings=\"{&quot;wcf_text_animation&quot;:&quot;text_move&quot;,&quot;text_transform_origin&quot;:&quot;top center -50&quot;,&quot;text_delay&quot;:0.15,&quot;text_stagger&quot;:0.02,&quot;text_on_scroll&quot;:&quot;yes&quot;,&quot;text_rotation_di&quot;:&quot;x&quot;,&quot;text_rotation&quot;:&quot;-80&quot;,&quot;wcf-animation&quot;:&quot;none&quot;}\" data-widget_type=\"wcf--text.default\">\n\t\t\t\t<div class=\"elementor-widget-container\">\n\t\t\t<div class=\"wcf--text\"><p>CAPSA FOOD se d\u00e9clare fermement impliqu\u00e9e dans la culture \u00e9thique et le respect des normes au sein de l&rsquo;entreprise ; nous rejetons tout comportement non conforme aux standards \u00e9thiques d\u00e9finis dans l\u2019entreprise et adoptons toutes les mesures n\u00e9cessaires pour garantir la conformit\u00e9 avec la l\u00e9gislation en vigueur et la pr\u00e9vention des d\u00e9lits.<\/p><\/div>\t\t<\/div>\n\t\t\t\t<\/div>\n\t\t\t\t\t<\/div>\n\t\t\t\t<\/div>\n\t\t\t\t<\/div>\n\t\t<div class=\"elementor-element elementor-element-af052f7 e-flex e-con-boxed e-con e-parent\" data-id=\"af052f7\" data-element_type=\"container\" data-settings=\"{&quot;wcf_enable_cursor_hover_effect_text&quot;:&quot;View&quot;,&quot;wcf-animation&quot;:&quot;none&quot;,&quot;wcf_pin_breakpoint&quot;:&quot;mobile&quot;}\">\n\t\t\t\t\t<div class=\"e-con-inner\">\n\t\t\t\t<div class=\"elementor-element elementor-element-ef3de52 wcf-t-animation-text_move elementor-widget elementor-widget-wcf--text\" data-id=\"ef3de52\" data-element_type=\"widget\" data-settings=\"{&quot;wcf_text_animation&quot;:&quot;text_move&quot;,&quot;text_transform_origin&quot;:&quot;top center -50&quot;,&quot;text_delay&quot;:0.15,&quot;text_stagger&quot;:0.02,&quot;text_on_scroll&quot;:&quot;yes&quot;,&quot;text_rotation_di&quot;:&quot;x&quot;,&quot;text_rotation&quot;:&quot;-80&quot;,&quot;wcf-animation&quot;:&quot;none&quot;}\" data-widget_type=\"wcf--text.default\">\n\t\t\t\t<div class=\"elementor-widget-container\">\n\t\t\t<div class=\"wcf--text\"><p>Le canal \u00e9thique nous permet de communiquer des infractions aux normes ou des comportements peu \u00e9thiques, des comportements d\u00e9lictueux, des infractions administratives graves ou tr\u00e8s graves et toute autre violation du droit de l\u2019Union europ\u00e9enne d\u00e9tect\u00e9s \u00e0 CAPSA FOOD ; le canal ne peut \u00eatre utilis\u00e9 dans d&rsquo;autre but que pour signaler les inconformit\u00e9s suscit\u00e9es ; par ailleurs, les communications fausses, celles bas\u00e9es sur des motivations que le droit ne peut prot\u00e9ger et celles r\u00e9alis\u00e9es dans le but de nuire sont irrecevables.<\/p><\/div>\t\t<\/div>\n\t\t\t\t<\/div>\n\t\t\t\t<div class=\"elementor-element elementor-element-54c4c5c elementor-headline--style-highlight elementor-widget elementor-widget-animated-headline\" data-id=\"54c4c5c\" data-element_type=\"widget\" data-settings=\"{&quot;marker&quot;:&quot;underline&quot;,&quot;highlighted_text&quot;:&quot;n&#039;est pas le canal&quot;,&quot;highlight_animation_duration&quot;:2000,&quot;highlight_iteration_delay&quot;:2000,&quot;wcf-animation&quot;:&quot;fade&quot;,&quot;fade-from&quot;:&quot;bottom&quot;,&quot;headline_style&quot;:&quot;highlight&quot;,&quot;loop&quot;:&quot;yes&quot;,&quot;delay&quot;:0.15,&quot;on-scroll&quot;:1,&quot;data-duration&quot;:1.5,&quot;ease&quot;:&quot;power2.out&quot;,&quot;fade-offset&quot;:50}\" data-widget_type=\"animated-headline.default\">\n\t\t\t\t<div class=\"elementor-widget-container\">\n\t\t\t\t\t<p class=\"elementor-headline\">\n\t\t\t\t\t<span class=\"elementor-headline-plain-text elementor-headline-text-wrapper\">Le canal \u00e9thique<\/span>\n\t\t\t\t<span class=\"elementor-headline-dynamic-wrapper elementor-headline-text-wrapper\">\n\t\t\t\t\t<span class=\"elementor-headline-dynamic-text elementor-headline-text-active\">n'est pas le canal<\/span>\n\t\t\t\t<\/span>\n\t\t\t\t\t<span class=\"elementor-headline-plain-text elementor-headline-text-wrapper\">\u00e0 utiliser pour r\u00e9pondre \u00e0 des questions concernant nos produits ou services. CAPSA FOOD dispose pour ce faire d\u2019un service client disponible soit \u00e0 l\u2019onglet \u00ab Contact \u00bb des sites web de nos marques, soit par t\u00e9l\u00e9phone, aux num\u00e9ros du Service consommateur indiqu\u00e9s sur les \u00e9tiquettes de tous nos produits.<\/span>\n\t\t\t\t\t<\/p>\n\t\t\t\t<\/div>\n\t\t\t\t<\/div>\n\t\t\t\t<div class=\"elementor-element elementor-element-1ec0e1e wcf-t-animation-text_move elementor-widget elementor-widget-wcf--text\" data-id=\"1ec0e1e\" data-element_type=\"widget\" data-settings=\"{&quot;wcf_text_animation&quot;:&quot;text_move&quot;,&quot;text_transform_origin&quot;:&quot;top center -50&quot;,&quot;text_delay&quot;:0.15,&quot;text_stagger&quot;:0.02,&quot;text_on_scroll&quot;:&quot;yes&quot;,&quot;text_rotation_di&quot;:&quot;x&quot;,&quot;text_rotation&quot;:&quot;-80&quot;,&quot;wcf-animation&quot;:&quot;none&quot;}\" data-widget_type=\"wcf--text.default\">\n\t\t\t\t<div class=\"elementor-widget-container\">\n\t\t\t<div class=\"wcf--text\"><p>Via le formulaire qui s\u2019ouvre lorsque l\u2019utilisateur y acc\u00e8de, le canal permet d&rsquo;envoyer une communication de mani\u00e8re anonyme ou confidentielle et garantit dans tous les cas la protection des informateurs contre tous types de repr\u00e9sailles.<\/p><\/div>\t\t<\/div>\n\t\t\t\t<\/div>\n\t\t\t\t<div class=\"elementor-element elementor-element-b51a643 wcf-t-animation-text_move elementor-widget elementor-widget-wcf--text\" data-id=\"b51a643\" data-element_type=\"widget\" data-settings=\"{&quot;wcf_text_animation&quot;:&quot;text_move&quot;,&quot;text_transform_origin&quot;:&quot;top center -50&quot;,&quot;text_delay&quot;:0.15,&quot;text_stagger&quot;:0.02,&quot;text_on_scroll&quot;:&quot;yes&quot;,&quot;text_rotation_di&quot;:&quot;x&quot;,&quot;text_rotation&quot;:&quot;-80&quot;,&quot;wcf-animation&quot;:&quot;none&quot;}\" data-widget_type=\"wcf--text.default\">\n\t\t\t\t<div class=\"elementor-widget-container\">\n\t\t\t<div class=\"wcf--text\"><p>Les communications re\u00e7ues au moyen du canal \u00e9thique seront trait\u00e9es sur la base de ces crit\u00e8res essentiels:<\/p><ul><li>Une fois la communication effectu\u00e9e, qu\u2019elle soit anonyme ou confidentielle, nous envoyons \u00e0 l&rsquo;exp\u00e9diteur un <strong>accus\u00e9 de r\u00e9ception<\/strong> de celle-ci dans un d\u00e9lai maximum de 7 jours.<\/li><li>Le responsable du syst\u00e8me interne d\u2019information et du canal \u00e9thique est le comit\u00e9 de conformit\u00e9. CAPSA FOOD g\u00e8re n\u00e9anmoins les communications re\u00e7ues via le pr\u00e9sent canal en externe ; elles sont re\u00e7ues et trait\u00e9es par notre conseiller juridique VACIERO S.L.P pour nous assurer qu\u2019aucun conflit d\u2019int\u00e9r\u00eat ne vient entraver le travail des membres de l\u2019organe de supervision.<\/li><li>Les faits communiqu\u00e9s aboutiront le cas \u00e9ch\u00e9ant sur une enqu\u00eate interne qui sera r\u00e9alis\u00e9e avec toutes les <strong>garanties de confidentialit\u00e9, de secret et de protection de l\u2019informateur.<\/strong> L\u2019enqu\u00eate interne sera \u00e9galement men\u00e9e avec le respect d\u00fb \u00e0 la pr\u00e9somption d\u2019innocence et \u00e0 l\u2019honneur des personnes concern\u00e9es par la communication.<\/li><li>La fin de l\u2019enqu\u00eate sera communiqu\u00e9e. N\u00e9anmoins ni les r\u00e9sultats ni les mesures prises par l&rsquo;entreprise en se basant sur ces r\u00e9sultats \u00e0 l&rsquo;encontre des personnes concern\u00e9es ne seront communiqu\u00e9s. Ces mesures seront trait\u00e9es directement avec les autorit\u00e9s comp\u00e9tentes.<\/li><li>Nous <strong>garantissons<\/strong> que les communications r\u00e9alis\u00e9es via le canal de communication ne produiront aucun type de repr\u00e9sailles ou d&rsquo;actions \u00e0 l\u2019encontre de l\u2019informateur, selon les termes de la loi 2\/2023 du 20 f\u00e9vrier, sur la protection des personnes qui communiquent des infractions aux normes et de lutte contre la corruption.<\/li><li><strong>Ladite protection ne concerne pas les communications d\u00e9passant du domaine d&rsquo;application de la loi, les d\u00e9clarations manifestement fausses, manipul\u00e9es ou bas\u00e9es sur des motivations non envisag\u00e9es en droit<\/strong>. CAPSA FOOD avertit dans ce sens que des d\u00e9clarations de ce type peuvent donner lieu \u00e0 des responsabilit\u00e9s p\u00e9nales ou civiles, ainsi que disciplinaires, dans les termes d\u00e9crits dans le texte de loi applicable en vigueur.<\/li><li>Nous vous informons que vous pouvez demander un <strong>entretien personnel avec le comit\u00e9 de conformit\u00e9<\/strong>. Nous vous informons dans ce cas que lors de cet entretien personnel votre anonymat ne pourra pas \u00eatre respect\u00e9 ; n\u00e9anmoins la confidentialit\u00e9 maximale et le secret seront garantis.<\/li><\/ul><\/div>\t\t<\/div>\n\t\t\t\t<\/div>\n\t\t\t\t<div class=\"elementor-element elementor-element-6085791 wcf-t-animation-text_move elementor-widget elementor-widget-wcf--text\" data-id=\"6085791\" data-element_type=\"widget\" data-settings=\"{&quot;wcf_text_animation&quot;:&quot;text_move&quot;,&quot;text_transform_origin&quot;:&quot;top center -50&quot;,&quot;text_delay&quot;:0.15,&quot;text_stagger&quot;:0.02,&quot;text_on_scroll&quot;:&quot;yes&quot;,&quot;text_rotation_di&quot;:&quot;x&quot;,&quot;text_rotation&quot;:&quot;-80&quot;,&quot;wcf-animation&quot;:&quot;none&quot;}\" data-widget_type=\"wcf--text.default\">\n\t\t\t\t<div class=\"elementor-widget-container\">\n\t\t\t<div class=\"wcf--text\"><p>Sans pr\u00e9judice de ce canal interne, nous vous informons par ailleurs que les diff\u00e9rentes autorit\u00e9s comp\u00e9tentes et, le cas \u00e9ch\u00e9ant, les pouvoirs publics, organes ou organismes de l\u2019Union europ\u00e9enne disposent de canaux de communication par lesquels sont re\u00e7ues des communications relatives aux inconformit\u00e9s dans le cadre de leur comp\u00e9tence.<\/p><\/div>\t\t<\/div>\n\t\t\t\t<\/div>\n\t\t\t\t<div class=\"elementor-element elementor-element-61db3e1 wcf-t-animation-text_move elementor-widget elementor-widget-wcf--text\" data-id=\"61db3e1\" data-element_type=\"widget\" data-settings=\"{&quot;wcf_text_animation&quot;:&quot;text_move&quot;,&quot;text_transform_origin&quot;:&quot;top center -50&quot;,&quot;text_delay&quot;:0.15,&quot;text_stagger&quot;:0.02,&quot;text_on_scroll&quot;:&quot;yes&quot;,&quot;text_rotation_di&quot;:&quot;x&quot;,&quot;text_rotation&quot;:&quot;-80&quot;,&quot;wcf-animation&quot;:&quot;none&quot;}\" data-widget_type=\"wcf--text.default\">\n\t\t\t\t<div class=\"elementor-widget-container\">\n\t\t\t<div class=\"wcf--text\"><p>Pour plus d\u2019informations, consultez le canal \u00e9thique o\u00f9 vous trouverez le politique du canal \u00e9thique et la politique de confidentialit\u00e9 du canal \u00e9thique.<\/p><\/div>\t\t<\/div>\n\t\t\t\t<\/div>\n\t\t\t\t<div class=\"elementor-element elementor-element-fa85dc8 elementor-align-center elementor-widget elementor-widget-button\" data-id=\"fa85dc8\" data-element_type=\"widget\" data-settings=\"{&quot;wcf-animation&quot;:&quot;fade&quot;,&quot;fade-from&quot;:&quot;bottom&quot;,&quot;delay&quot;:0.15,&quot;on-scroll&quot;:1,&quot;data-duration&quot;:1.5,&quot;ease&quot;:&quot;power2.out&quot;,&quot;fade-offset&quot;:50}\" data-widget_type=\"button.default\">\n\t\t\t\t<div class=\"elementor-widget-container\">\n\t\t\t\t\t\t\t<div class=\"elementor-button-wrapper\">\n\t\t\t\t\t<a class=\"elementor-button elementor-button-link elementor-size-sm\" href=\"https:\/\/centinela.lefebvre.es\/public\/concept\/1730006?access=bcW0q7TQwhZ68cOGsyLNJ1Mh0QOwOI15sF1fUXxGx68%3D\" target=\"_blank\">\n\t\t\t\t\t\t<span class=\"elementor-button-content-wrapper\">\n\t\t\t\t\t\t<span class=\"elementor-button-icon\">\n\t\t\t\t<svg aria-hidden=\"true\" class=\"e-font-icon-svg e-fas-external-link-alt\" viewBox=\"0 0 512 512\" xmlns=\"http:\/\/www.w3.org\/2000\/svg\"><path d=\"M432,320H400a16,16,0,0,0-16,16V448H64V128H208a16,16,0,0,0,16-16V80a16,16,0,0,0-16-16H48A48,48,0,0,0,0,112V464a48,48,0,0,0,48,48H400a48,48,0,0,0,48-48V336A16,16,0,0,0,432,320ZM488,0h-128c-21.37,0-32.05,25.91-17,41l35.73,35.73L135,320.37a24,24,0,0,0,0,34L157.67,377a24,24,0,0,0,34,0L435.28,133.32,471,169c15,15,41,4.5,41-17V24A24,24,0,0,0,488,0Z\"><\/path><\/svg>\t\t\t<\/span>\n\t\t\t\t\t\t\t\t\t<span class=\"elementor-button-text\">Entrer au canal \u00e9thique<\/span>\n\t\t\t\t\t<\/span>\n\t\t\t\t\t<\/a>\n\t\t\t\t<\/div>\n\t\t\t\t\t\t<\/div>\n\t\t\t\t<\/div>\n\t\t\t\t\t<\/div>\n\t\t\t\t<\/div>\n\t\t\t\t<\/div>\n\t\t","protected":false},"excerpt":{"rendered":"<p>Le Canal \u00e9thique, notre outil de pr\u00e9vention et de d\u00e9tection des inconformit\u00e9s est mis \u00e0 disposition des membres du personnel de CAPSA FOOD et de tierces personnes. CAPSA FOOD se d\u00e9clare fermement impliqu\u00e9e dans la culture \u00e9thique et le respect des normes au sein de l&#8217;entreprise ; nous rejetons tout comportement non conforme aux standards [&hellip;]<\/p>\n","protected":false},"author":1,"featured_media":0,"parent":26930,"menu_order":0,"comment_status":"closed","ping_status":"closed","template":"elementor_header_footer","meta":{"footnotes":""},"class_list":["post-27401","page","type-page","status-publish","hentry"],"yoast_head":"<!-- This site is optimized with the Yoast SEO plugin v24.0 - https:\/\/yoast.com\/wordpress\/plugins\/seo\/ -->\n<title>Canal \u00e9thique - CAPSA FOOD<\/title>\n<meta name=\"robots\" content=\"index, follow, max-snippet:-1, max-image-preview:large, max-video-preview:-1\" \/>\n<link rel=\"canonical\" href=\"https:\/\/capsa-food.gke.dev.thinkabit.es\/fr\/qui-sommes-nous\/canal-ethique\/\" \/>\n<meta property=\"og:locale\" content=\"fr_FR\" \/>\n<meta property=\"og:type\" content=\"article\" \/>\n<meta property=\"og:title\" content=\"Canal \u00e9thique - CAPSA FOOD\" \/>\n<meta property=\"og:description\" content=\"Le Canal \u00e9thique, notre outil de pr\u00e9vention et de d\u00e9tection des inconformit\u00e9s est mis \u00e0 disposition des membres du personnel de CAPSA FOOD et de tierces personnes. CAPSA FOOD se d\u00e9clare fermement impliqu\u00e9e dans la culture \u00e9thique et le respect des normes au sein de l&#8217;entreprise ; nous rejetons tout comportement non conforme aux standards [&hellip;]\" \/>\n<meta property=\"og:url\" content=\"https:\/\/capsa-food.gke.dev.thinkabit.es\/fr\/qui-sommes-nous\/canal-ethique\/\" \/>\n<meta property=\"og:site_name\" content=\"CAPSA FOOD\" \/>\n<meta property=\"article:modified_time\" content=\"2025-02-06T07:21:50+00:00\" \/>\n<meta name=\"twitter:card\" content=\"summary_large_image\" \/>\n<meta name=\"twitter:label1\" content=\"Dur\u00e9e de lecture estim\u00e9e\" \/>\n\t<meta name=\"twitter:data1\" content=\"4 minutes\" \/>\n<script type=\"application\/ld+json\" class=\"yoast-schema-graph\">{\"@context\":\"https:\/\/schema.org\",\"@graph\":[{\"@type\":\"WebPage\",\"@id\":\"https:\/\/capsa-food.gke.dev.thinkabit.es\/fr\/qui-sommes-nous\/canal-ethique\/\",\"url\":\"https:\/\/capsa-food.gke.dev.thinkabit.es\/fr\/qui-sommes-nous\/canal-ethique\/\",\"name\":\"Canal \u00e9thique - CAPSA FOOD\",\"isPartOf\":{\"@id\":\"\/#website\"},\"datePublished\":\"2024-07-25T09:51:19+00:00\",\"dateModified\":\"2025-02-06T07:21:50+00:00\",\"breadcrumb\":{\"@id\":\"https:\/\/capsa-food.gke.dev.thinkabit.es\/fr\/qui-sommes-nous\/canal-ethique\/#breadcrumb\"},\"inLanguage\":\"fr-FR\",\"potentialAction\":[{\"@type\":\"ReadAction\",\"target\":[\"https:\/\/capsa-food.gke.dev.thinkabit.es\/fr\/qui-sommes-nous\/canal-ethique\/\"]}]},{\"@type\":\"BreadcrumbList\",\"@id\":\"https:\/\/capsa-food.gke.dev.thinkabit.es\/fr\/qui-sommes-nous\/canal-ethique\/#breadcrumb\",\"itemListElement\":[{\"@type\":\"ListItem\",\"position\":1,\"name\":\"Portada\",\"item\":\"https:\/\/capsa-food.gke.dev.thinkabit.es\/fr\/\"},{\"@type\":\"ListItem\",\"position\":2,\"name\":\"Qui sommes-nous ?\",\"item\":\"https:\/\/capsa-food.gke.dev.thinkabit.es\/fr\/qui-sommes-nous\/\"},{\"@type\":\"ListItem\",\"position\":3,\"name\":\"Canal \u00e9thique\"}]},{\"@type\":\"WebSite\",\"@id\":\"\/#website\",\"url\":\"\/\",\"name\":\"CAPSA FOOD\",\"description\":\"\",\"publisher\":{\"@id\":\"\/#organization\"},\"potentialAction\":[{\"@type\":\"SearchAction\",\"target\":{\"@type\":\"EntryPoint\",\"urlTemplate\":\"\/?s={search_term_string}\"},\"query-input\":{\"@type\":\"PropertyValueSpecification\",\"valueRequired\":true,\"valueName\":\"search_term_string\"}}],\"inLanguage\":\"fr-FR\"},{\"@type\":\"Organization\",\"@id\":\"\/#organization\",\"name\":\"CAPSA FOOD\",\"url\":\"\/\",\"logo\":{\"@type\":\"ImageObject\",\"inLanguage\":\"fr-FR\",\"@id\":\"\/#\/schema\/logo\/image\/\",\"url\":\"https:\/\/grupo-cla.gke.dev.thinkabit.es\/wp-content\/uploads\/2024\/06\/Logo-Color-2.svg\",\"contentUrl\":\"https:\/\/grupo-cla.gke.dev.thinkabit.es\/wp-content\/uploads\/2024\/06\/Logo-Color-2.svg\",\"width\":236,\"height\":101,\"caption\":\"CAPSA FOOD\"},\"image\":{\"@id\":\"\/#\/schema\/logo\/image\/\"}}]}<\/script>\n<!-- \/ Yoast SEO plugin. -->","yoast_head_json":{"title":"Canal \u00e9thique - CAPSA FOOD","robots":{"index":"index","follow":"follow","max-snippet":"max-snippet:-1","max-image-preview":"max-image-preview:large","max-video-preview":"max-video-preview:-1"},"canonical":"https:\/\/capsa-food.gke.dev.thinkabit.es\/fr\/qui-sommes-nous\/canal-ethique\/","og_locale":"fr_FR","og_type":"article","og_title":"Canal \u00e9thique - CAPSA FOOD","og_description":"Le Canal \u00e9thique, notre outil de pr\u00e9vention et de d\u00e9tection des inconformit\u00e9s est mis \u00e0 disposition des membres du personnel de CAPSA FOOD et de tierces personnes. CAPSA FOOD se d\u00e9clare fermement impliqu\u00e9e dans la culture \u00e9thique et le respect des normes au sein de l&#8217;entreprise ; nous rejetons tout comportement non conforme aux standards [&hellip;]","og_url":"https:\/\/capsa-food.gke.dev.thinkabit.es\/fr\/qui-sommes-nous\/canal-ethique\/","og_site_name":"CAPSA FOOD","article_modified_time":"2025-02-06T07:21:50+00:00","twitter_card":"summary_large_image","twitter_misc":{"Dur\u00e9e de lecture estim\u00e9e":"4 minutes"},"schema":{"@context":"https:\/\/schema.org","@graph":[{"@type":"WebPage","@id":"https:\/\/capsa-food.gke.dev.thinkabit.es\/fr\/qui-sommes-nous\/canal-ethique\/","url":"https:\/\/capsa-food.gke.dev.thinkabit.es\/fr\/qui-sommes-nous\/canal-ethique\/","name":"Canal \u00e9thique - CAPSA FOOD","isPartOf":{"@id":"\/#website"},"datePublished":"2024-07-25T09:51:19+00:00","dateModified":"2025-02-06T07:21:50+00:00","breadcrumb":{"@id":"https:\/\/capsa-food.gke.dev.thinkabit.es\/fr\/qui-sommes-nous\/canal-ethique\/#breadcrumb"},"inLanguage":"fr-FR","potentialAction":[{"@type":"ReadAction","target":["https:\/\/capsa-food.gke.dev.thinkabit.es\/fr\/qui-sommes-nous\/canal-ethique\/"]}]},{"@type":"BreadcrumbList","@id":"https:\/\/capsa-food.gke.dev.thinkabit.es\/fr\/qui-sommes-nous\/canal-ethique\/#breadcrumb","itemListElement":[{"@type":"ListItem","position":1,"name":"Portada","item":"https:\/\/capsa-food.gke.dev.thinkabit.es\/fr\/"},{"@type":"ListItem","position":2,"name":"Qui sommes-nous ?","item":"https:\/\/capsa-food.gke.dev.thinkabit.es\/fr\/qui-sommes-nous\/"},{"@type":"ListItem","position":3,"name":"Canal \u00e9thique"}]},{"@type":"WebSite","@id":"\/#website","url":"\/","name":"CAPSA FOOD","description":"","publisher":{"@id":"\/#organization"},"potentialAction":[{"@type":"SearchAction","target":{"@type":"EntryPoint","urlTemplate":"\/?s={search_term_string}"},"query-input":{"@type":"PropertyValueSpecification","valueRequired":true,"valueName":"search_term_string"}}],"inLanguage":"fr-FR"},{"@type":"Organization","@id":"\/#organization","name":"CAPSA FOOD","url":"\/","logo":{"@type":"ImageObject","inLanguage":"fr-FR","@id":"\/#\/schema\/logo\/image\/","url":"https:\/\/grupo-cla.gke.dev.thinkabit.es\/wp-content\/uploads\/2024\/06\/Logo-Color-2.svg","contentUrl":"https:\/\/grupo-cla.gke.dev.thinkabit.es\/wp-content\/uploads\/2024\/06\/Logo-Color-2.svg","width":236,"height":101,"caption":"CAPSA FOOD"},"image":{"@id":"\/#\/schema\/logo\/image\/"}}]}},"_links":{"self":[{"href":"https:\/\/capsa-food.gke.dev.thinkabit.es\/fr\/wp-json\/wp\/v2\/pages\/27401","targetHints":{"allow":["GET"]}}],"collection":[{"href":"https:\/\/capsa-food.gke.dev.thinkabit.es\/fr\/wp-json\/wp\/v2\/pages"}],"about":[{"href":"https:\/\/capsa-food.gke.dev.thinkabit.es\/fr\/wp-json\/wp\/v2\/types\/page"}],"author":[{"embeddable":true,"href":"https:\/\/capsa-food.gke.dev.thinkabit.es\/fr\/wp-json\/wp\/v2\/users\/1"}],"replies":[{"embeddable":true,"href":"https:\/\/capsa-food.gke.dev.thinkabit.es\/fr\/wp-json\/wp\/v2\/comments?post=27401"}],"version-history":[{"count":7,"href":"https:\/\/capsa-food.gke.dev.thinkabit.es\/fr\/wp-json\/wp\/v2\/pages\/27401\/revisions"}],"predecessor-version":[{"id":27411,"href":"https:\/\/capsa-food.gke.dev.thinkabit.es\/fr\/wp-json\/wp\/v2\/pages\/27401\/revisions\/27411"}],"up":[{"embeddable":true,"href":"https:\/\/capsa-food.gke.dev.thinkabit.es\/fr\/wp-json\/wp\/v2\/pages\/26930"}],"wp:attachment":[{"href":"https:\/\/capsa-food.gke.dev.thinkabit.es\/fr\/wp-json\/wp\/v2\/media?parent=27401"}],"curies":[{"name":"wp","href":"https:\/\/api.w.org\/{rel}","templated":true}]}}