{"id":27429,"date":"2024-04-30T13:10:55","date_gmt":"2024-04-30T11:10:55","guid":{"rendered":"https:\/\/capsafood.com\/?page_id=27429"},"modified":"2025-02-06T08:55:32","modified_gmt":"2025-02-06T07:55:32","slug":"politique-de-confidentialite","status":"publish","type":"page","link":"https:\/\/capsa-food.gke.dev.thinkabit.es\/fr\/politique-de-confidentialite\/","title":{"rendered":"Politique de confidentialit\u00e9"},"content":{"rendered":"\t\t<div data-elementor-type=\"wp-page\" data-elementor-id=\"27429\" class=\"elementor elementor-27429 elementor-10116\" data-elementor-post-type=\"page\">\n\t\t\t\t<div class=\"elementor-element elementor-element-35ed91d e-flex e-con-boxed e-con e-parent\" data-id=\"35ed91d\" data-element_type=\"container\" data-settings=\"{&quot;wcf_enable_cursor_hover_effect_text&quot;:&quot;View&quot;,&quot;wcf-animation&quot;:&quot;none&quot;,&quot;wcf_pin_breakpoint&quot;:&quot;mobile&quot;}\">\n\t\t\t\t\t<div class=\"e-con-inner\">\n\t\t\t\t<div class=\"elementor-element elementor-element-1309e97 wcf-t-animation-none elementor-widget elementor-widget-text-editor\" data-id=\"1309e97\" data-element_type=\"widget\" data-settings=\"{&quot;wcf_text_animation&quot;:&quot;none&quot;,&quot;wcf-animation&quot;:&quot;none&quot;}\" data-widget_type=\"text-editor.default\">\n\t\t\t\t<div class=\"elementor-widget-container\">\n\t\t\t\t\t\t\t<h2>Politique de protection des donn\u00e9es<\/h2><p>Corporaci\u00f3n Alimentaria Pe\u00f1asanta S.A., soci\u00e9t\u00e9 sise \u00e0 Sierra de Granda, s\/n, CP 33.199, Siero, Asturias et titulaire du code d\u2019identification fiscal espagnol CIF A-03161270, inscrite au registre du commerce des Asturies Tome 1649, Feuillet 2, Feuille n\u00b0 AS-9927, est le propri\u00e9taire du site Web que vous \u00eates en train de consulter, et responsable du traitement des donn\u00e9es collect\u00e9es par le biais de ce site Web.<\/p><h3>Coordonn\u00e9es de contact<\/h3><ul><li><strong>Propri\u00e9t\u00e9<\/strong> : Corporaci\u00f3n Alimentaria Pe\u00f1asanta S.A<\/li><li><strong>Adresse<\/strong> : Sierra de Granda, s\/n, CP 33.199, Siero, Asturias<\/li><li><strong>T\u00e9l\u00e9phone<\/strong> : (+34) 985 10 11 00<\/li><\/ul><h3>Coordonn\u00e9es du d\u00e9l\u00e9gu\u00e9 \u00e0 la protection des donn\u00e9es<\/h3><p>Afin d&rsquo;assurer une bonne gestion du traitement de vos donn\u00e9es, CAPSA a d\u00e9sign\u00e9 un d\u00e9l\u00e9gu\u00e9 \u00e0 la protection des donn\u00e9es que vous pouvez contacter pour toute question \u00e9ventuelle en mati\u00e8re de traitement de vos donn\u00e9es \u00e0 caract\u00e8re personnel, et que vous pouvez contacter \u00e0 l&rsquo;adresse e-mail comiteseguridad@capsafood.com.<\/p><h3>\u00c0 quelles fins traitons-nous vos donn\u00e9es \u00e0 caract\u00e8re personnel ?<\/h3><p>Les donn\u00e9es \u00e0 caract\u00e8re personnel sont utilis\u00e9es afin de g\u00e9rer les services propos\u00e9s par CAPSA qui sont \u00e9num\u00e9r\u00e9s ci-dessous \u00e0 des fins purement descriptives:<\/p><ul><li>Contact et gestion des utilisateurs sur le site Web.<\/li><li>Visites d&rsquo;usines sur les sites o\u00f9 elles sont pr\u00e9vues.<\/li><li>Services consommateur, client ou fournisseur.<\/li><li>Gestion des informations demand\u00e9es aux fournisseurs.<\/li><li>Promotions et tirages au sort, annonc\u00e9s \u00e0 cet effet sur le site Web.<\/li><li>Communications commerciales, promotionnelles ou publicitaires de ses propres produits ou services, lorsque l&rsquo;utilisateur, le consommateur, le client ou le fournisseur a donn\u00e9 son consentement.<\/li><li>Envoi d&rsquo;offres personnalis\u00e9es de produits et de services, en fonction des pr\u00e9f\u00e9rences personnelles, du comportement et de l&rsquo;utilisation des produits et services, \u00e0 condition que l&rsquo;utilisateur, le consommateur, le client ou le fournisseur ait autoris\u00e9 le traitement des donn\u00e9es personnelles associ\u00e9es au profil de l&rsquo;utilisateur.<\/li><li>Gestion de l&rsquo;acc\u00e8s et envoi de communications pour les espaces d&rsquo;acc\u00e8s exclusif pour utilisateurs et\/ou\u00a0 professionnels sur les sites web o\u00f9 ils sont habilit\u00e9s pour ce faire et en ouvrant leur session avec leur nom d\u2019utilisateur et leur mot de passe exclusif pour chaque utilisateur.<\/li><\/ul><h3>L\u00e9gitimit\u00e9 du traitement ?<\/h3><p>La l\u00e9gitimit\u00e9 su laquelle est bas\u00e9e la gestion des services demand\u00e9s, ainsi que le traitement des commandes et la r\u00e9alisation des t\u00e2ches administratives et commerciales est l&rsquo;ex\u00e9cution des obligations contractuelles.<\/p><p>Le fondement l\u00e9gal sur lequel nous nous basons pour envoyer des communications commerciales est le consentement de l&rsquo;utilisateur.<\/p><h3>Dur\u00e9es de conservation<\/h3><p>Les dur\u00e9es pendant lesquelles nous conservons les donn\u00e9es qui nous sont fournies par les utilisateurs au moyen des formulaires pr\u00e9sents sur le site web sont les suivantes :<\/p><ul><li>Si vous souscrivez \u00e0 un service : Pendant toute la dur\u00e9e de la relation contractuelle et, en tout \u00e9tat de cause, pendant les dur\u00e9es \u00e9tablies par la loi en conformit\u00e9 avec les responsabilit\u00e9s d\u00e9finies par la loi sur les services de la soci\u00e9t\u00e9 de l&rsquo;information.<\/li><li>Si vous acceptez l&rsquo;envoi de communications commerciales : Tant que vous n&rsquo;aurez pas demand\u00e9 leur suppression, pendant les dur\u00e9es \u00e9tablies par la loi en conformit\u00e9 avec les responsabilit\u00e9s d\u00e9finies par la l\u00e9gislation applicable.<\/li><\/ul><h3>Quelles mesures de s\u00e9curit\u00e9 appliquons-nous ?<\/h3><p>CAPSA a implant\u00e9 un Syst\u00e8me de gestion de la s\u00e9curit\u00e9 de l&rsquo;information abordant les aspects li\u00e9s \u00e0 tous les domaines de notre entreprise dans lesquels nous traitons r\u00e9ellement ou potentiellement vos donn\u00e9es \u00e0 caract\u00e8re personnel.\u00a0 Notre Syst\u00e8me de gestion de la s\u00e9curit\u00e9 de l&rsquo;information englobe ainsi : les politiques de s\u00e9curit\u00e9 ; l&rsquo;organisation de la s\u00e9curit\u00e9 ; la s\u00e9curit\u00e9 dans le domaine des RH ; la gestion des actifs ; le contr\u00f4le des acc\u00e8s ; la cryptographie ; la s\u00e9curit\u00e9 physique et de l&rsquo;environnement ; la s\u00e9curit\u00e9 des op\u00e9rations ; la s\u00e9curit\u00e9 des communications ; l&rsquo;acquisition, le d\u00e9veloppement et la maintenance ; la relation avec les fournisseurs ; la gestion des incidents de s\u00e9curit\u00e9 de l&rsquo;information ; la gestion de la continuit\u00e9 des affaires et la conformit\u00e9 l\u00e9gale.<\/p><h3>\u00c0 qui communiquons-nous vos donn\u00e9es ?<\/h3><p>Nous pouvons communiquer les donn\u00e9es que vous nous transmettez aux soci\u00e9t\u00e9s filiales et aux soci\u00e9t\u00e9s dans lesquelles nous avons une participation \u00e0 des fins de gestion et d&rsquo;administration, l&rsquo;int\u00e9r\u00eat l\u00e9gitime \u00e9tant la base de cette communication.<\/p><p>Vos donn\u00e9es ne seront pas communiqu\u00e9es \u00e0 des tiers \u2013 organismes publics et\/ou priv\u00e9s \u2013 sauf s&rsquo;il existe une obligation l\u00e9gale de ce faire ou si nous disposons du consentement de la partie int\u00e9ress\u00e9e. Nous ne pr\u00e9voyons pas non plus de transferts internationaux de donn\u00e9es vers des pays ou des organisations tiers.<\/p><p>CAPSA utilise Microsoft Office 365 comme client de courrier \u00e9lectronique, outil de stockage de fichiers et de gestion de projets. Microsoft est couvert par le Bouclier de confidentialit\u00e9 (Privacy Shield) qui garantit des niveaux pertinents de protection des donn\u00e9es \u00e0 caract\u00e8re personnel.<\/p><h3>Comment exercer vos droits ?<\/h3><p>La partie int\u00e9ress\u00e9e peut \u00e0 tout moment s&rsquo;opposer \u00e0 la r\u00e9ception de communications et au traitement de ses donn\u00e9es dans l\u2019un des objectifs d\u00e9crit dans la notice l\u00e9gale ; pour ce faire, veuillez nous contacter \u00e0 l&rsquo;adresse de courrier \u00e9lectronique suivante : comiteseguridad@capsafood.com, cliquez sur le lien de d\u00e9sabonnement dans chacune des communications re\u00e7ues, ou faites valoir vos droits aupr\u00e8s de CAPSA par courrier postal \u00e0 l&rsquo;adresse Sierra de Granda,\u00a0 s\/n, CP 33.199, Siero, Asturias, en indiquant en objet :\u00a0 R\u00e9f. Protection des donn\u00e9es et en joignant une copie de votre document d&rsquo;identit\u00e9.<\/p><p>Les personnes int\u00e9ress\u00e9es pourront exercer les droits suivants :<\/p><ul><li>Obtenir une confirmation du traitement que fait CAPSA de leurs donn\u00e9es \u00e0 caract\u00e8re personnel.<\/li><li>Acc\u00e9der \u00e0 leurs donn\u00e9es \u00e0 caract\u00e8re personnel et \u00e0 demander la rectification des donn\u00e9es inexactes ou, le cas \u00e9ch\u00e9ant, demander leur suppression lorsque, entre autres motifs, les donn\u00e9es ne sont plus n\u00e9cessaires pour les buts dans lesquels elles ont \u00e9t\u00e9 collect\u00e9es.<\/li><li>Demander en certaines circonstances : (i) La limitation du traitement de leurs donn\u00e9es ; dans ce cas lesdites donn\u00e9es ne seront conserv\u00e9es par CAPSA que pour l&rsquo;exercice ou la d\u00e9fense de r\u00e9clamations ; et (ii) l&rsquo;opposition au traitement de leurs donn\u00e9es ; dans ce cas CAPSA cessera de traiter les donn\u00e9es, sauf pour des raisons l\u00e9gitimes imp\u00e9rieuses, ou pour l&rsquo;exercice ou la d\u00e9fense d&rsquo;\u00e9ventuelles r\u00e9clamations.<\/li><li>Exercer leur droit \u00e0 la portabilit\u00e9. Les personnes int\u00e9ress\u00e9es ont le droit de recevoir les donn\u00e9es personnelles les concernant et qu&rsquo;elles ont transmises \u00e0 CAPSA, dans un format structur\u00e9, couramment utilis\u00e9 et \u00e0 lecture m\u00e9canique, et de les transmettre \u00e0 un autre responsable du traitement sans que CAPSA ne s\u2019y oppose si le traitement est bas\u00e9 sur le consentement et est r\u00e9alis\u00e9 par des moyens automatis\u00e9s.<\/li><\/ul><p>CAPSA vous informe que vous pouvez d\u00e9poser une r\u00e9clamation pour faire valoir vos droits aupr\u00e8s de l&rsquo;Agence espagnole de protection des donn\u00e9es \u00e0 caract\u00e8re personnel, \u00e0 son si\u00e8ge \u00e9lectronique ou \u00e0 l&rsquo;adresse postale de la Calle Jorge Juan num\u00e9ro 6, 28001, Madrid.\u00a0 Vous avez toutefois la possibilit\u00e9 en premi\u00e8re instance de d\u00e9poser une r\u00e9clamation aupr\u00e8s du d\u00e9l\u00e9gu\u00e9 \u00e0 la protection des donn\u00e9es de CAPSA, qui r\u00e9soudra la plainte dans un d\u00e9lai maximum de deux mois.<\/p>\t\t\t\t\t\t<\/div>\n\t\t\t\t<\/div>\n\t\t\t\t\t<\/div>\n\t\t\t\t<\/div>\n\t\t\t\t<\/div>\n\t\t","protected":false},"excerpt":{"rendered":"<p>Politique de protection des donn\u00e9es Corporaci\u00f3n Alimentaria Pe\u00f1asanta S.A., soci\u00e9t\u00e9 sise \u00e0 Sierra de Granda, s\/n, CP 33.199, Siero, Asturias et titulaire du code d\u2019identification fiscal espagnol CIF A-03161270, inscrite au registre du commerce des Asturies Tome 1649, Feuillet 2, Feuille n\u00b0 AS-9927, est le propri\u00e9taire du site Web que vous \u00eates en train de [&hellip;]<\/p>\n","protected":false},"author":1,"featured_media":0,"parent":0,"menu_order":0,"comment_status":"closed","ping_status":"closed","template":"elementor_header_footer","meta":{"footnotes":""},"class_list":["post-27429","page","type-page","status-publish","hentry"],"yoast_head":"<!-- This site is optimized with the Yoast SEO plugin v24.0 - https:\/\/yoast.com\/wordpress\/plugins\/seo\/ -->\n<title>Politique de confidentialit\u00e9 - CAPSA FOOD<\/title>\n<meta name=\"robots\" content=\"index, follow, max-snippet:-1, max-image-preview:large, max-video-preview:-1\" \/>\n<link rel=\"canonical\" href=\"https:\/\/capsa-food.gke.dev.thinkabit.es\/fr\/politique-de-confidentialite\/\" \/>\n<meta property=\"og:locale\" content=\"fr_FR\" \/>\n<meta property=\"og:type\" content=\"article\" \/>\n<meta property=\"og:title\" content=\"Politique de confidentialit\u00e9 - CAPSA FOOD\" \/>\n<meta property=\"og:description\" content=\"Politique de protection des donn\u00e9es Corporaci\u00f3n Alimentaria Pe\u00f1asanta S.A., soci\u00e9t\u00e9 sise \u00e0 Sierra de Granda, s\/n, CP 33.199, Siero, Asturias et titulaire du code d\u2019identification fiscal espagnol CIF A-03161270, inscrite au registre du commerce des Asturies Tome 1649, Feuillet 2, Feuille n\u00b0 AS-9927, est le propri\u00e9taire du site Web que vous \u00eates en train de [&hellip;]\" \/>\n<meta property=\"og:url\" content=\"https:\/\/capsa-food.gke.dev.thinkabit.es\/fr\/politique-de-confidentialite\/\" \/>\n<meta property=\"og:site_name\" content=\"CAPSA FOOD\" \/>\n<meta property=\"article:modified_time\" content=\"2025-02-06T07:55:32+00:00\" \/>\n<meta name=\"twitter:card\" content=\"summary_large_image\" \/>\n<meta name=\"twitter:label1\" content=\"Dur\u00e9e de lecture estim\u00e9e\" \/>\n\t<meta name=\"twitter:data1\" content=\"6 minutes\" \/>\n<script type=\"application\/ld+json\" class=\"yoast-schema-graph\">{\"@context\":\"https:\/\/schema.org\",\"@graph\":[{\"@type\":\"WebPage\",\"@id\":\"https:\/\/capsa-food.gke.dev.thinkabit.es\/fr\/politique-de-confidentialite\/\",\"url\":\"https:\/\/capsa-food.gke.dev.thinkabit.es\/fr\/politique-de-confidentialite\/\",\"name\":\"Politique de confidentialit\u00e9 - CAPSA FOOD\",\"isPartOf\":{\"@id\":\"\/#website\"},\"datePublished\":\"2024-04-30T11:10:55+00:00\",\"dateModified\":\"2025-02-06T07:55:32+00:00\",\"breadcrumb\":{\"@id\":\"https:\/\/capsa-food.gke.dev.thinkabit.es\/fr\/politique-de-confidentialite\/#breadcrumb\"},\"inLanguage\":\"fr-FR\",\"potentialAction\":[{\"@type\":\"ReadAction\",\"target\":[\"https:\/\/capsa-food.gke.dev.thinkabit.es\/fr\/politique-de-confidentialite\/\"]}]},{\"@type\":\"BreadcrumbList\",\"@id\":\"https:\/\/capsa-food.gke.dev.thinkabit.es\/fr\/politique-de-confidentialite\/#breadcrumb\",\"itemListElement\":[{\"@type\":\"ListItem\",\"position\":1,\"name\":\"Portada\",\"item\":\"https:\/\/capsa-food.gke.dev.thinkabit.es\/fr\/\"},{\"@type\":\"ListItem\",\"position\":2,\"name\":\"Politique de confidentialit\u00e9\"}]},{\"@type\":\"WebSite\",\"@id\":\"\/#website\",\"url\":\"\/\",\"name\":\"CAPSA FOOD\",\"description\":\"\",\"publisher\":{\"@id\":\"\/#organization\"},\"potentialAction\":[{\"@type\":\"SearchAction\",\"target\":{\"@type\":\"EntryPoint\",\"urlTemplate\":\"\/?s={search_term_string}\"},\"query-input\":{\"@type\":\"PropertyValueSpecification\",\"valueRequired\":true,\"valueName\":\"search_term_string\"}}],\"inLanguage\":\"fr-FR\"},{\"@type\":\"Organization\",\"@id\":\"\/#organization\",\"name\":\"CAPSA FOOD\",\"url\":\"\/\",\"logo\":{\"@type\":\"ImageObject\",\"inLanguage\":\"fr-FR\",\"@id\":\"\/#\/schema\/logo\/image\/\",\"url\":\"https:\/\/grupo-cla.gke.dev.thinkabit.es\/wp-content\/uploads\/2024\/06\/Logo-Color-2.svg\",\"contentUrl\":\"https:\/\/grupo-cla.gke.dev.thinkabit.es\/wp-content\/uploads\/2024\/06\/Logo-Color-2.svg\",\"width\":236,\"height\":101,\"caption\":\"CAPSA FOOD\"},\"image\":{\"@id\":\"\/#\/schema\/logo\/image\/\"}}]}<\/script>\n<!-- \/ Yoast SEO plugin. -->","yoast_head_json":{"title":"Politique de confidentialit\u00e9 - CAPSA FOOD","robots":{"index":"index","follow":"follow","max-snippet":"max-snippet:-1","max-image-preview":"max-image-preview:large","max-video-preview":"max-video-preview:-1"},"canonical":"https:\/\/capsa-food.gke.dev.thinkabit.es\/fr\/politique-de-confidentialite\/","og_locale":"fr_FR","og_type":"article","og_title":"Politique de confidentialit\u00e9 - CAPSA FOOD","og_description":"Politique de protection des donn\u00e9es Corporaci\u00f3n Alimentaria Pe\u00f1asanta S.A., soci\u00e9t\u00e9 sise \u00e0 Sierra de Granda, s\/n, CP 33.199, Siero, Asturias et titulaire du code d\u2019identification fiscal espagnol CIF A-03161270, inscrite au registre du commerce des Asturies Tome 1649, Feuillet 2, Feuille n\u00b0 AS-9927, est le propri\u00e9taire du site Web que vous \u00eates en train de [&hellip;]","og_url":"https:\/\/capsa-food.gke.dev.thinkabit.es\/fr\/politique-de-confidentialite\/","og_site_name":"CAPSA FOOD","article_modified_time":"2025-02-06T07:55:32+00:00","twitter_card":"summary_large_image","twitter_misc":{"Dur\u00e9e de lecture estim\u00e9e":"6 minutes"},"schema":{"@context":"https:\/\/schema.org","@graph":[{"@type":"WebPage","@id":"https:\/\/capsa-food.gke.dev.thinkabit.es\/fr\/politique-de-confidentialite\/","url":"https:\/\/capsa-food.gke.dev.thinkabit.es\/fr\/politique-de-confidentialite\/","name":"Politique de confidentialit\u00e9 - CAPSA FOOD","isPartOf":{"@id":"\/#website"},"datePublished":"2024-04-30T11:10:55+00:00","dateModified":"2025-02-06T07:55:32+00:00","breadcrumb":{"@id":"https:\/\/capsa-food.gke.dev.thinkabit.es\/fr\/politique-de-confidentialite\/#breadcrumb"},"inLanguage":"fr-FR","potentialAction":[{"@type":"ReadAction","target":["https:\/\/capsa-food.gke.dev.thinkabit.es\/fr\/politique-de-confidentialite\/"]}]},{"@type":"BreadcrumbList","@id":"https:\/\/capsa-food.gke.dev.thinkabit.es\/fr\/politique-de-confidentialite\/#breadcrumb","itemListElement":[{"@type":"ListItem","position":1,"name":"Portada","item":"https:\/\/capsa-food.gke.dev.thinkabit.es\/fr\/"},{"@type":"ListItem","position":2,"name":"Politique de confidentialit\u00e9"}]},{"@type":"WebSite","@id":"\/#website","url":"\/","name":"CAPSA FOOD","description":"","publisher":{"@id":"\/#organization"},"potentialAction":[{"@type":"SearchAction","target":{"@type":"EntryPoint","urlTemplate":"\/?s={search_term_string}"},"query-input":{"@type":"PropertyValueSpecification","valueRequired":true,"valueName":"search_term_string"}}],"inLanguage":"fr-FR"},{"@type":"Organization","@id":"\/#organization","name":"CAPSA FOOD","url":"\/","logo":{"@type":"ImageObject","inLanguage":"fr-FR","@id":"\/#\/schema\/logo\/image\/","url":"https:\/\/grupo-cla.gke.dev.thinkabit.es\/wp-content\/uploads\/2024\/06\/Logo-Color-2.svg","contentUrl":"https:\/\/grupo-cla.gke.dev.thinkabit.es\/wp-content\/uploads\/2024\/06\/Logo-Color-2.svg","width":236,"height":101,"caption":"CAPSA FOOD"},"image":{"@id":"\/#\/schema\/logo\/image\/"}}]}},"_links":{"self":[{"href":"https:\/\/capsa-food.gke.dev.thinkabit.es\/fr\/wp-json\/wp\/v2\/pages\/27429","targetHints":{"allow":["GET"]}}],"collection":[{"href":"https:\/\/capsa-food.gke.dev.thinkabit.es\/fr\/wp-json\/wp\/v2\/pages"}],"about":[{"href":"https:\/\/capsa-food.gke.dev.thinkabit.es\/fr\/wp-json\/wp\/v2\/types\/page"}],"author":[{"embeddable":true,"href":"https:\/\/capsa-food.gke.dev.thinkabit.es\/fr\/wp-json\/wp\/v2\/users\/1"}],"replies":[{"embeddable":true,"href":"https:\/\/capsa-food.gke.dev.thinkabit.es\/fr\/wp-json\/wp\/v2\/comments?post=27429"}],"version-history":[{"count":7,"href":"https:\/\/capsa-food.gke.dev.thinkabit.es\/fr\/wp-json\/wp\/v2\/pages\/27429\/revisions"}],"predecessor-version":[{"id":27436,"href":"https:\/\/capsa-food.gke.dev.thinkabit.es\/fr\/wp-json\/wp\/v2\/pages\/27429\/revisions\/27436"}],"wp:attachment":[{"href":"https:\/\/capsa-food.gke.dev.thinkabit.es\/fr\/wp-json\/wp\/v2\/media?parent=27429"}],"curies":[{"name":"wp","href":"https:\/\/api.w.org\/{rel}","templated":true}]}}