{"id":27437,"date":"2024-04-30T13:11:09","date_gmt":"2024-04-30T11:11:09","guid":{"rendered":"https:\/\/capsafood.com\/?page_id=27437"},"modified":"2025-02-10T09:07:19","modified_gmt":"2025-02-10T08:07:19","slug":"politique-de-cookies","status":"publish","type":"page","link":"https:\/\/capsa-food.gke.dev.thinkabit.es\/fr\/politique-de-cookies\/","title":{"rendered":"Politique de cookies"},"content":{"rendered":"\t\t<div data-elementor-type=\"wp-page\" data-elementor-id=\"27437\" class=\"elementor elementor-27437 elementor-10118\" data-elementor-post-type=\"page\">\n\t\t\t\t<div class=\"elementor-element elementor-element-2c9022e e-flex e-con-boxed e-con e-parent\" data-id=\"2c9022e\" data-element_type=\"container\" data-settings=\"{&quot;wcf_enable_cursor_hover_effect_text&quot;:&quot;View&quot;,&quot;wcf-animation&quot;:&quot;none&quot;,&quot;wcf_pin_breakpoint&quot;:&quot;mobile&quot;}\">\n\t\t\t\t\t<div class=\"e-con-inner\">\n\t\t<div class=\"elementor-element elementor-element-4c67a52 e-con-full e-flex e-con e-child\" data-id=\"4c67a52\" data-element_type=\"container\" data-settings=\"{&quot;wcf_enable_cursor_hover_effect_text&quot;:&quot;View&quot;,&quot;wcf-animation&quot;:&quot;none&quot;,&quot;wcf_pin_breakpoint&quot;:&quot;mobile&quot;}\">\n\t\t\t\t<div class=\"elementor-element elementor-element-85a50a7 wcf-t-animation-none elementor-widget elementor-widget-text-editor\" data-id=\"85a50a7\" data-element_type=\"widget\" data-settings=\"{&quot;wcf_text_animation&quot;:&quot;none&quot;,&quot;wcf-animation&quot;:&quot;none&quot;}\" data-widget_type=\"text-editor.default\">\n\t\t\t\t<div class=\"elementor-widget-container\">\n\t\t\t\t\t\t\t<h2>Que sont les cookies?<\/h2><p>Un cookie est tout type de fichier ou de dispositif t\u00e9l\u00e9charg\u00e9 sur le dispositif d&rsquo;un utilisateur dans le but de stocker des donn\u00e9es pouvant \u00eatre mises \u00e0 jour et r\u00e9cup\u00e9r\u00e9es par l&rsquo;organisme responsable de son installation.<\/p><h2>Types de cookies contenus dans ce site web :<\/h2><ul type=\"disc\"><li><strong>Cookies de premi\u00e8re partie :<\/strong>\u00a0Ce sont les cookies envoy\u00e9s sur le dispositif de l&rsquo;utilisateur \u00e0 partir d&rsquo;un ordinateur ou d&rsquo;un domaine g\u00e9r\u00e9 par l&rsquo;\u00e9diteur lui-m\u00eame et permettant la fourniture du service demand\u00e9 par l&rsquo;utilisateur.<\/li><li><strong>Cookies de tiers :<\/strong>\u00a0Ce sont les cookies envoy\u00e9s sur le dispositif de l&rsquo;utilisateur \u00e0 partir d&rsquo;un ordinateur ou d&rsquo;un domaine qui n&rsquo;est pas g\u00e9r\u00e9 par l&rsquo;\u00e9diteur lui-m\u00eame, mais par un autre organisme traitant les donn\u00e9es collect\u00e9es par le biais des cookies.<\/li><\/ul><h2>En fonction de la dur\u00e9e pendant laquelle ils sont activ\u00e9s :<\/h2><ul><li><strong>Cookies de session :<\/strong>\u00a0Il s&rsquo;agit d\u2019un type de cookies con\u00e7u pour collecter et enregistrer des donn\u00e9es pendant que l\u2019utilisateur acc\u00e8de \u00e0 un site web. Ils sont g\u00e9n\u00e9ralement utilis\u00e9s pour stocker des informations int\u00e9ressantes uniquement pour fournir le service demand\u00e9 par l\u2019utilisateur et une seule foi (par exemple, la liste de produits d\u2019un panier d\u2019achats).<\/li><\/ul><h2>En fonction de leur objectif :<\/h2><ul type=\"disc\"><li><strong>Cookies techniques:<\/strong>\u00a0Ce sont ceux qui permettent \u00e0 l&rsquo;utilisateur de naviguer dans une page web, une plateforme ou une application et l&rsquo;utilisation des diff\u00e9rentes options ou services existants, comme, par exemple, contr\u00f4ler le trafic et la communication des donn\u00e9es, identifier la session, acc\u00e9der aux parties \u00e0 acc\u00e8s restreint, rappeler les \u00e9l\u00e9ments qui composent une commande, r\u00e9aliser la demande d&rsquo;inscription ou de participation \u00e0 un \u00e9v\u00e9nement, utiliser des \u00e9l\u00e9ments de s\u00e9curit\u00e9 pendant la navigation, stocker des contenus pour la diffusion de vid\u00e9os ou son ou partager des contenus par les r\u00e9seaux sociaux.<\/li><li><strong>Cookies de personnalisation :<\/strong>\u00a0Ce sont ceux qui permettent \u00e0 l&rsquo;utilisateur d&rsquo;acc\u00e9der au service avec certaines caract\u00e9ristiques de nature g\u00e9n\u00e9ral d\u00e9finies \u00e0 l&rsquo;avance en fonction d&rsquo;une s\u00e9rie de crit\u00e8res dans le terminal de l&rsquo;utilisateur comme, par exemple la langue, le type de navigateur par lequel vous acc\u00e9dez au service, la configuration r\u00e9gionale depuis laquelle vous acc\u00e9dez au service, etc.<\/li><li><strong>Cookies persistants :<\/strong>\u00a0Dans ce type de cookies, les donn\u00e9es sont toujours stock\u00e9es dans le dispositif et peuvent \u00eatre consult\u00e9es et trait\u00e9es pendant une p\u00e9riode d\u00e9finie par le responsable du cookie, dur\u00e9e qui peut aller d\u2019une minute \u00e0 plusieurs ann\u00e9es.<\/li><li><strong>Cookies d\u2019analyse :<\/strong>\u00a0Ce sont ceux qui permettent au responsable de ceux-ci de suivre et d&rsquo;analyser le comportement des utilisateurs des sites web auxquels ils sont li\u00e9s. Les informations collect\u00e9es par ce type de cookies sont utilis\u00e9es pour mesurer l&rsquo;activit\u00e9 des sites web, l\u2019application ou la plateforme et pour \u00e9tablir des profils de navigation des utilisateurs desdits sites, applications ou plateformes, dans l\u2019objectif d\u2019introduire des am\u00e9liorations en fonction des donn\u00e9es la mani\u00e8re dont les utilisateurs utilisent le service.<\/li><li><strong>Cookies publicitaires :<\/strong>\u00a0Ce sont ceux qui permettent la gestion, de la mani\u00e8re la plus efficace possible, des espaces publicitaires que, le cas \u00e9ch\u00e9ant, l&rsquo;\u00e9diteur aura inclus dans un site web, une application ou une plateforme depuis laquelle est fourni le service demand\u00e9 en se basant sur des crit\u00e8res comme le contenu \u00e9dit\u00e9 ou la fr\u00e9quence \u00e0 laquelle les publicit\u00e9s sont pr\u00e9sent\u00e9es.<\/li><li><strong>Cookies de publicit\u00e9 comportementale :<\/strong>\u00a0Ce sont ceux qui permettent la gestion, de la mani\u00e8re la plus efficace possible, des espaces publicitaires que, le cas \u00e9ch\u00e9ant, l&rsquo;\u00e9diteur aura inclus dans une page web, une application ou une plateforme depuis laquelle est fourni le service demand\u00e9. Ces cookies stockent des informations sur le comportement des utilisateurs obtenues par l&rsquo;observation continue de leurs habitudes de navigation, ce qui permet de d\u00e9velopper un profil sp\u00e9cifique pour montrer la publicit\u00e9 en fonction de celui-ci.<\/li><\/ul><h2>Quels types de cookies utilise cette page web ?<\/h2><p>Ce site web utilise:<\/p><ul type=\"disc\"><li>Cookies de premi\u00e8re partie<\/li><li>Cookies de session<\/li><li>Cookies persistants<\/li><li>Cookies techniques<\/li><li>Cookies d\u2019analyse<\/li><\/ul><p>Les informations que g\u00e9n\u00e8re le cookie concernant votre utilisation du site web (dont l&rsquo;adresse IP) sont directement transmises et archiv\u00e9es par Google sur ses serveurs situ\u00e9s aux \u00c9tats-Unis. Google utilise ces informations pour notre compte afin de suivre l\u2019utilisation du site web ; il collecte des rapports sur l&rsquo;activit\u00e9 du site web et fournit d\u2019autres services relatifs \u00e0 l&rsquo;activit\u00e9 du site web et l\u2019utilisation d\u2019internet.<\/p><p>Veuillez consulter les liens pr\u00e9sent\u00e9s ci-apr\u00e8s pour plus d\u2019informations sur les types de cookies install\u00e9s sur votre dispositif, pour permettre leur installation, les bloquer ou les \u00e9liminer de votre appareil. Suivez l\u2019un des liens suivants en fonction du navigateur que vous utilisez :<\/p><ul type=\"disc\"><li>Firefox sur\u00a0<a href=\"https:\/\/support.mozilla.org\/fr\/topics\/tracking-protection\/firefox\"><strong>http:\/\/support.mozilla.org\/fr\/products\/firefox\/cookies<\/strong><\/a><\/li><li>Chrome sur \u00a0<a href=\"https:\/\/support.google.com\/chrome\/bin\/answer.py?hl=es&amp;answer=95647?hl=fr\"><strong>http:\/\/support.google.com\/chrome\/bin\/answer.py?hl=es&amp;answer=95647<\/strong><\/a><\/li><li>Safari sur\u00a0<a href=\"https:\/\/support.apple.com\/kb\/ph5042\"><strong>http:\/\/support.apple.com\/kb\/ph5042<\/strong><\/a><\/li><li>Explorer sur\u00a0<a href=\"http:\/\/windows.microsoft.com\/es-es\/windows7\/how-to-manage-cookies-in-internet-explorer-9\"><strong>http:\/\/windows.microsoft.com\/es-es\/windows7\/how-to-manage-cookies-in-internet-explorer-9<\/strong><\/a><\/li><\/ul>\t\t\t\t\t\t<\/div>\n\t\t\t\t<\/div>\n\t\t\t\t<\/div>\n\t\t\t\t\t<\/div>\n\t\t\t\t<\/div>\n\t\t\t\t<\/div>\n\t\t","protected":false},"excerpt":{"rendered":"<p>Que sont les cookies? Un cookie est tout type de fichier ou de dispositif t\u00e9l\u00e9charg\u00e9 sur le dispositif d&rsquo;un utilisateur dans le but de stocker des donn\u00e9es pouvant \u00eatre mises \u00e0 jour et r\u00e9cup\u00e9r\u00e9es par l&rsquo;organisme responsable de son installation. Types de cookies contenus dans ce site web : Cookies de premi\u00e8re partie :\u00a0Ce sont [&hellip;]<\/p>\n","protected":false},"author":1,"featured_media":0,"parent":0,"menu_order":0,"comment_status":"closed","ping_status":"closed","template":"elementor_header_footer","meta":{"footnotes":""},"class_list":["post-27437","page","type-page","status-publish","hentry"],"yoast_head":"<!-- This site is optimized with the Yoast SEO plugin v24.0 - https:\/\/yoast.com\/wordpress\/plugins\/seo\/ -->\n<title>Politique de cookies - CAPSA FOOD<\/title>\n<meta name=\"robots\" content=\"index, follow, max-snippet:-1, max-image-preview:large, max-video-preview:-1\" \/>\n<link rel=\"canonical\" href=\"https:\/\/capsa-food.gke.dev.thinkabit.es\/fr\/politique-de-cookies\/\" \/>\n<meta property=\"og:locale\" content=\"fr_FR\" \/>\n<meta property=\"og:type\" content=\"article\" \/>\n<meta property=\"og:title\" content=\"Politique de cookies - CAPSA FOOD\" \/>\n<meta property=\"og:description\" content=\"Que sont les cookies? Un cookie est tout type de fichier ou de dispositif t\u00e9l\u00e9charg\u00e9 sur le dispositif d&rsquo;un utilisateur dans le but de stocker des donn\u00e9es pouvant \u00eatre mises \u00e0 jour et r\u00e9cup\u00e9r\u00e9es par l&rsquo;organisme responsable de son installation. Types de cookies contenus dans ce site web : Cookies de premi\u00e8re partie :\u00a0Ce sont [&hellip;]\" \/>\n<meta property=\"og:url\" content=\"https:\/\/capsa-food.gke.dev.thinkabit.es\/fr\/politique-de-cookies\/\" \/>\n<meta property=\"og:site_name\" content=\"CAPSA FOOD\" \/>\n<meta property=\"article:modified_time\" content=\"2025-02-10T08:07:19+00:00\" \/>\n<meta name=\"twitter:card\" content=\"summary_large_image\" \/>\n<meta name=\"twitter:label1\" content=\"Dur\u00e9e de lecture estim\u00e9e\" \/>\n\t<meta name=\"twitter:data1\" content=\"4 minutes\" \/>\n<script type=\"application\/ld+json\" class=\"yoast-schema-graph\">{\"@context\":\"https:\/\/schema.org\",\"@graph\":[{\"@type\":\"WebPage\",\"@id\":\"https:\/\/capsa-food.gke.dev.thinkabit.es\/fr\/politique-de-cookies\/\",\"url\":\"https:\/\/capsa-food.gke.dev.thinkabit.es\/fr\/politique-de-cookies\/\",\"name\":\"Politique de cookies - CAPSA FOOD\",\"isPartOf\":{\"@id\":\"\/#website\"},\"datePublished\":\"2024-04-30T11:11:09+00:00\",\"dateModified\":\"2025-02-10T08:07:19+00:00\",\"breadcrumb\":{\"@id\":\"https:\/\/capsa-food.gke.dev.thinkabit.es\/fr\/politique-de-cookies\/#breadcrumb\"},\"inLanguage\":\"fr-FR\",\"potentialAction\":[{\"@type\":\"ReadAction\",\"target\":[\"https:\/\/capsa-food.gke.dev.thinkabit.es\/fr\/politique-de-cookies\/\"]}]},{\"@type\":\"BreadcrumbList\",\"@id\":\"https:\/\/capsa-food.gke.dev.thinkabit.es\/fr\/politique-de-cookies\/#breadcrumb\",\"itemListElement\":[{\"@type\":\"ListItem\",\"position\":1,\"name\":\"Portada\",\"item\":\"https:\/\/capsa-food.gke.dev.thinkabit.es\/fr\/\"},{\"@type\":\"ListItem\",\"position\":2,\"name\":\"Politique de cookies\"}]},{\"@type\":\"WebSite\",\"@id\":\"\/#website\",\"url\":\"\/\",\"name\":\"CAPSA FOOD\",\"description\":\"\",\"publisher\":{\"@id\":\"\/#organization\"},\"potentialAction\":[{\"@type\":\"SearchAction\",\"target\":{\"@type\":\"EntryPoint\",\"urlTemplate\":\"\/?s={search_term_string}\"},\"query-input\":{\"@type\":\"PropertyValueSpecification\",\"valueRequired\":true,\"valueName\":\"search_term_string\"}}],\"inLanguage\":\"fr-FR\"},{\"@type\":\"Organization\",\"@id\":\"\/#organization\",\"name\":\"CAPSA FOOD\",\"url\":\"\/\",\"logo\":{\"@type\":\"ImageObject\",\"inLanguage\":\"fr-FR\",\"@id\":\"\/#\/schema\/logo\/image\/\",\"url\":\"https:\/\/grupo-cla.gke.dev.thinkabit.es\/wp-content\/uploads\/2024\/06\/Logo-Color-2.svg\",\"contentUrl\":\"https:\/\/grupo-cla.gke.dev.thinkabit.es\/wp-content\/uploads\/2024\/06\/Logo-Color-2.svg\",\"width\":236,\"height\":101,\"caption\":\"CAPSA FOOD\"},\"image\":{\"@id\":\"\/#\/schema\/logo\/image\/\"}}]}<\/script>\n<!-- \/ Yoast SEO plugin. -->","yoast_head_json":{"title":"Politique de cookies - CAPSA FOOD","robots":{"index":"index","follow":"follow","max-snippet":"max-snippet:-1","max-image-preview":"max-image-preview:large","max-video-preview":"max-video-preview:-1"},"canonical":"https:\/\/capsa-food.gke.dev.thinkabit.es\/fr\/politique-de-cookies\/","og_locale":"fr_FR","og_type":"article","og_title":"Politique de cookies - CAPSA FOOD","og_description":"Que sont les cookies? Un cookie est tout type de fichier ou de dispositif t\u00e9l\u00e9charg\u00e9 sur le dispositif d&rsquo;un utilisateur dans le but de stocker des donn\u00e9es pouvant \u00eatre mises \u00e0 jour et r\u00e9cup\u00e9r\u00e9es par l&rsquo;organisme responsable de son installation. Types de cookies contenus dans ce site web : Cookies de premi\u00e8re partie :\u00a0Ce sont [&hellip;]","og_url":"https:\/\/capsa-food.gke.dev.thinkabit.es\/fr\/politique-de-cookies\/","og_site_name":"CAPSA FOOD","article_modified_time":"2025-02-10T08:07:19+00:00","twitter_card":"summary_large_image","twitter_misc":{"Dur\u00e9e de lecture estim\u00e9e":"4 minutes"},"schema":{"@context":"https:\/\/schema.org","@graph":[{"@type":"WebPage","@id":"https:\/\/capsa-food.gke.dev.thinkabit.es\/fr\/politique-de-cookies\/","url":"https:\/\/capsa-food.gke.dev.thinkabit.es\/fr\/politique-de-cookies\/","name":"Politique de cookies - CAPSA FOOD","isPartOf":{"@id":"\/#website"},"datePublished":"2024-04-30T11:11:09+00:00","dateModified":"2025-02-10T08:07:19+00:00","breadcrumb":{"@id":"https:\/\/capsa-food.gke.dev.thinkabit.es\/fr\/politique-de-cookies\/#breadcrumb"},"inLanguage":"fr-FR","potentialAction":[{"@type":"ReadAction","target":["https:\/\/capsa-food.gke.dev.thinkabit.es\/fr\/politique-de-cookies\/"]}]},{"@type":"BreadcrumbList","@id":"https:\/\/capsa-food.gke.dev.thinkabit.es\/fr\/politique-de-cookies\/#breadcrumb","itemListElement":[{"@type":"ListItem","position":1,"name":"Portada","item":"https:\/\/capsa-food.gke.dev.thinkabit.es\/fr\/"},{"@type":"ListItem","position":2,"name":"Politique de cookies"}]},{"@type":"WebSite","@id":"\/#website","url":"\/","name":"CAPSA FOOD","description":"","publisher":{"@id":"\/#organization"},"potentialAction":[{"@type":"SearchAction","target":{"@type":"EntryPoint","urlTemplate":"\/?s={search_term_string}"},"query-input":{"@type":"PropertyValueSpecification","valueRequired":true,"valueName":"search_term_string"}}],"inLanguage":"fr-FR"},{"@type":"Organization","@id":"\/#organization","name":"CAPSA FOOD","url":"\/","logo":{"@type":"ImageObject","inLanguage":"fr-FR","@id":"\/#\/schema\/logo\/image\/","url":"https:\/\/grupo-cla.gke.dev.thinkabit.es\/wp-content\/uploads\/2024\/06\/Logo-Color-2.svg","contentUrl":"https:\/\/grupo-cla.gke.dev.thinkabit.es\/wp-content\/uploads\/2024\/06\/Logo-Color-2.svg","width":236,"height":101,"caption":"CAPSA FOOD"},"image":{"@id":"\/#\/schema\/logo\/image\/"}}]}},"_links":{"self":[{"href":"https:\/\/capsa-food.gke.dev.thinkabit.es\/fr\/wp-json\/wp\/v2\/pages\/27437","targetHints":{"allow":["GET"]}}],"collection":[{"href":"https:\/\/capsa-food.gke.dev.thinkabit.es\/fr\/wp-json\/wp\/v2\/pages"}],"about":[{"href":"https:\/\/capsa-food.gke.dev.thinkabit.es\/fr\/wp-json\/wp\/v2\/types\/page"}],"author":[{"embeddable":true,"href":"https:\/\/capsa-food.gke.dev.thinkabit.es\/fr\/wp-json\/wp\/v2\/users\/1"}],"replies":[{"embeddable":true,"href":"https:\/\/capsa-food.gke.dev.thinkabit.es\/fr\/wp-json\/wp\/v2\/comments?post=27437"}],"version-history":[{"count":10,"href":"https:\/\/capsa-food.gke.dev.thinkabit.es\/fr\/wp-json\/wp\/v2\/pages\/27437\/revisions"}],"predecessor-version":[{"id":28197,"href":"https:\/\/capsa-food.gke.dev.thinkabit.es\/fr\/wp-json\/wp\/v2\/pages\/27437\/revisions\/28197"}],"wp:attachment":[{"href":"https:\/\/capsa-food.gke.dev.thinkabit.es\/fr\/wp-json\/wp\/v2\/media?parent=27437"}],"curies":[{"name":"wp","href":"https:\/\/api.w.org\/{rel}","templated":true}]}}